{"id":14001,"date":"2017-02-20T10:23:42","date_gmt":"2017-02-20T14:23:42","guid":{"rendered":"https:\/\/kentcrfkstaging.ca\/about-us\/"},"modified":"2024-02-09T14:58:44","modified_gmt":"2024-02-09T18:58:44","slug":"about-us","status":"publish","type":"page","link":"https:\/\/kentcrfk.ca\/fr\/about-us\/","title":{"rendered":"\u00c0 propos"},"content":{"rendered":"<div class=\"wpb-content-wrapper\"><p>[vc_row full_width=\u00a0\u00bbstretch_row\u00a0\u00bb css=\u00a0\u00bb.vc_custom_1690572620141{background-image: url(https:\/\/kentcrfk.ca\/wp-content\/uploads\/2023\/07\/banniere_breadcrumb.jpg?id=12990) !important;background-position: center !important;background-repeat: no-repeat !important;background-size: cover !important;}\u00a0\u00bb][vc_column][vc_empty_space][vc_row_inner][vc_column_inner width=\u00a0\u00bb1\/2&Prime; css=\u00a0\u00bb.vc_custom_1690572677061{background-color: rgba(255,255,255,0.8) !important;*background-color: rgb(255,255,255) !important;}\u00a0\u00bb][vc_custom_heading text=\u00a0\u00bb\u00c0 propos\u00a0\u00bb font_container=\u00a0\u00bbtag:h2|font_size:80px|text_align:left\u00a0\u00bb google_fonts=\u00a0\u00bbfont_family:Oleo%20Script%20Swash%20Caps%3Aregular%2C700|font_style:700%20bold%20regular%3A700%3Anormal\u00a0\u00bb][\/vc_column_inner][vc_column_inner width=\u00a0\u00bb1\/2&Prime;][vc_empty_space][\/vc_column_inner][\/vc_row_inner][vc_empty_space][\/vc_column][\/vc_row][vc_row full_width=\u00a0\u00bbstretch_row\u00a0\u00bb css=\u00a0\u00bb.vc_custom_1586335532712{padding-top: 4% !important;padding-bottom: 3% !important;background-position: 0 0 !important;background-repeat: no-repeat !important;}\u00a0\u00bb addstyles=\u00a0\u00bbbackground-position: right 70px !important;\u00a0\u00bb el_class=\u00a0\u00bbvcr_float_right\u00a0\u00bb][vc_column width=\u00a0\u00bb1\/2&Prime;]<div class=\"ult-animation  ult-animate-viewport  ult-no-mobile \" data-animate=\"bounceIn\" data-animation-delay=\"0.5\" data-animation-duration=\"1\" data-animation-iteration=\"1\" style=\"opacity:0;\" data-opacity_start_effect=\"\">[vc_custom_heading text=\u00a0\u00bbQui sommes-nous?\u00a0\u00bb font_container=\u00a0\u00bbtag:h2|font_size:50px|text_align:left|color:%23673ab7&Prime; google_fonts=\u00a0\u00bbfont_family:Oleo%20Script%20Swash%20Caps%3Aregular%2C700|font_style:700%20bold%20regular%3A700%3Anormal\u00a0\u00bb el_class=\u00a0\u00bbvcr_txt-align-right\u00a0\u00bb][vc_single_image image=\u00a0\u00bb13374&Prime; img_size=\u00a0\u00bbfull\u00a0\u00bb el_class=\u00a0\u00bbvcr_txt-align-right\u00a0\u00bb]<\/div><div class='dt-sc-hr-invisible-xsmall '> <\/div><div class=\"ult-animation  ult-animate-viewport  ult-no-mobile \" data-animate=\"fadeInRight\" data-animation-delay=\"0.8\" data-animation-duration=\"1\" data-animation-iteration=\"1\" style=\"opacity:0;\" data-opacity_start_effect=\"\">[vc_column_text]Le Centre de ressources familiales de Kent (CRFK) a un impact positif sur de nombreuses vies chaque ann\u00e9e. Les parents, les grands-parents et les gardiens d&rsquo;enfants de la p\u00e9riode pr\u00e9natale \u00e0 l&rsquo;\u00e2ge de six ans peuvent participer aux nombreux programmes et services que nous offrons. Tous les services offerts par le CRFK sont gratuits.<\/p>\n<p>Les familles socialisent et apprennent dans un cadre confortable, s\u00fbr et d\u00e9tendu. Nos coordinatrices de programme offrent un soutien attentif, amical et sans jugement. Avant tout, la participation \u00e0 nos programmes est volontaire et ouverte \u00e0 toutes les familles de divers milieux.[\/vc_column_text]<\/div>[\/vc_column][vc_column width=\u00a0\u00bb1\/2&Prime;]<div class=\"ult-animation  ult-animate-viewport  ult-no-mobile \" data-animate=\"zoomInDown\" data-animation-delay=\"2.0\" data-animation-duration=\"1\" data-animation-iteration=\"1\" style=\"opacity:0;\" data-opacity_start_effect=\"\"><img decoding=\"async\" src=\"https:\/\/kentcrfk.ca\/wp-content\/uploads\/2023\/09\/circles.png\" class=\"aligncenter attachment-full\" alt=\"\" title=\"circles\" \/><\/div>[\/vc_column][\/vc_row][vc_row full_width=\u00a0\u00bbstretch_row\u00a0\u00bb parallax=\u00a0\u00bbcontent-moving\u00a0\u00bb parallax_image=\u00a0\u00bb161&Prime; bg_type=\u00a0\u00bbimage\u00a0\u00bb parallax_style=\u00a0\u00bbvcpb-default\u00a0\u00bb bg_image_new=\u00a0\u00bbid^13073|url^https:\/\/kentcrfk.ca\/wp-content\/uploads\/2023\/07\/banniere_breadcrumb_about.png|caption^null|alt^null|title^banniere_breadcrumb_about|description^null\u00a0\u00bb bg_img_attach=\u00a0\u00bbfixed\u00a0\u00bb bg_override=\u00a0\u00bbfull\u00a0\u00bb enable_overlay=\u00a0\u00bbenable_overlay_value\u00a0\u00bb overlay_color=\u00a0\u00bbrgba(98,77,214,0.91)\u00a0\u00bb overlay_pattern=\u00a0\u00bbtransperant\u00a0\u00bb overlay_pattern_opacity=\u00a0\u00bb50&Prime; overlay_pattern_size=\u00a0\u00bb50&Prime; css=\u00a0\u00bb.vc_custom_1690821582428{padding-top: 100px !important;padding-bottom: 100px !important;}\u00a0\u00bb][vc_column][vc_row_inner el_class=\u00a0\u00bbaligncenter\u00a0\u00bb][vc_column_inner][vc_custom_heading text=\u00a0\u00bbLisa Tanner\u00a0\u00bb font_container=\u00a0\u00bbtag:h2|font_size:50px|text_align:left|color:%23ffffff\u00a0\u00bb google_fonts=\u00a0\u00bbfont_family:Oleo%20Script%20Swash%20Caps%3Aregular%2C700|font_style:700%20bold%20regular%3A700%3Anormal\u00a0\u00bb][vc_column_text]<\/p>\n<h4 style=\"text-align: left;\"><span style=\"color: #ffffff;\">Directrice<\/span><\/h4>\n<p>[\/vc_column_text][\/vc_column_inner][\/vc_row_inner][vc_row_inner equal_height=\u00a0\u00bbyes\u00a0\u00bb][vc_column_inner width=\u00a0\u00bb1\/4&Prime; css=\u00a0\u00bb.vc_custom_1695668783987{margin: 10px !important;background-color: #f7c333 !important;}\u00a0\u00bb][vc_custom_heading text=\u00a0\u00bbKaleigh Fletcher\u00a0\u00bb font_container=\u00a0\u00bbtag:h4|text_align:center|color:%23ffffff\u00a0\u00bb google_fonts=\u00a0\u00bbfont_family:Oleo%20Script%20Swash%20Caps%3Aregular%2C700|font_style:700%20bold%20regular%3A700%3Anormal\u00a0\u00bb css=\u00a0\u00bb.vc_custom_1695669102529{margin-top: 5px !important;}\u00a0\u00bb][vc_column_text]<\/p>\n<p style=\"text-align: center;\"><span style=\"color: #ffffff;\">Directrice Adjointe &amp; Coordinatrice de programmes<\/span><\/p>\n<p>[\/vc_column_text][\/vc_column_inner][vc_column_inner width=\u00a0\u00bb1\/4&Prime; css=\u00a0\u00bb.vc_custom_1695668939736{margin: 10px !important;background-color: #0a00c9 !important;}\u00a0\u00bb][vc_custom_heading text=\u00a0\u00bbKim Robichaud\u00a0\u00bb font_container=\u00a0\u00bbtag:h4|text_align:center|color:%23ffffff\u00a0\u00bb google_fonts=\u00a0\u00bbfont_family:Oleo%20Script%20Swash%20Caps%3Aregular%2C700|font_style:700%20bold%20regular%3A700%3Anormal\u00a0\u00bb css=\u00a0\u00bb.vc_custom_1695669115307{margin-top: 5px !important;}\u00a0\u00bb][vc_column_text]<\/p>\n<p style=\"text-align: center;\"><span style=\"color: #ffffff;\">Coordinatrice de programmes<\/span><\/p>\n<p>[\/vc_column_text][\/vc_column_inner][vc_column_inner width=\u00a0\u00bb1\/4&Prime; css=\u00a0\u00bb.vc_custom_1695668965764{margin: 10px !important;background-color: #7ae299 !important;}\u00a0\u00bb][vc_custom_heading text=\u00a0\u00bbJulie Vautour\u00a0\u00bb font_container=\u00a0\u00bbtag:h4|text_align:center|color:%23ffffff\u00a0\u00bb google_fonts=\u00a0\u00bbfont_family:Oleo%20Script%20Swash%20Caps%3Aregular%2C700|font_style:700%20bold%20regular%3A700%3Anormal\u00a0\u00bb css=\u00a0\u00bb.vc_custom_1695669125856{margin-top: 5px !important;}\u00a0\u00bb][vc_column_text]<\/p>\n<p style=\"text-align: center;\"><span style=\"color: #ffffff;\">Coordinatrice de programmes<\/span><\/p>\n<p>[\/vc_column_text][\/vc_column_inner][vc_column_inner width=\u00a0\u00bb1\/4&Prime; css=\u00a0\u00bb.vc_custom_1695669015608{margin: 10px !important;background-color: #ff3d3d !important;}\u00a0\u00bb][vc_custom_heading text=\u00a0\u00bbAmanda H\u00e9bert\u00a0\u00bb font_container=\u00a0\u00bbtag:h4|text_align:center|color:%23ffffff\u00a0\u00bb google_fonts=\u00a0\u00bbfont_family:Oleo%20Script%20Swash%20Caps%3Aregular%2C700|font_style:700%20bold%20regular%3A700%3Anormal\u00a0\u00bb css=\u00a0\u00bb.vc_custom_1695669135201{margin-top: 5px !important;}\u00a0\u00bb][vc_column_text]<\/p>\n<p style=\"text-align: center;\"><span style=\"color: #ffffff;\">Coordinatrice de programmes<\/span><\/p>\n<p>[\/vc_column_text][\/vc_column_inner][\/vc_row_inner][\/vc_column][\/vc_row][vc_row][vc_column][vc_custom_heading text=\u00a0\u00bbLe conseil d\u2019administration\u00a0\u00bb font_container=\u00a0\u00bbtag:h2|font_size:50px|text_align:center|color:%238224e3&Prime; google_fonts=\u00a0\u00bbfont_family:Oleo%20Script%20Swash%20Caps%3Aregular%2C700|font_style:700%20bold%20regular%3A700%3Anormal\u00a0\u00bb css=\u00a0\u00bb.vc_custom_1695410606812{margin-top: 30px !important;margin-bottom: 20px !important;}\u00a0\u00bb][\/vc_column][\/vc_row][vc_row][vc_column width=\u00a0\u00bb1\/4&Prime;]<div class=\"ult-animation  ult-animate-viewport  ult-no-mobile \" data-animate=\"bounceInDown\" data-animation-delay=\"0.3\" data-animation-duration=\"3\" data-animation-iteration=\"1\" style=\"opacity:0;\" data-opacity_start_effect=\"\">[vc_row_inner][vc_column_inner css=\u00a0\u00bb.vc_custom_1690821828332{margin-top: 30px !important;margin-right: 30px !important;margin-bottom: 30px !important;margin-left: 30px !important;padding-top: 20px !important;padding-right: 20px !important;padding-bottom: 20px !important;padding-left: 20px !important;background-color: #ac76e2 !important;}\u00a0\u00bb][vc_custom_heading text=\u00a0\u00bbCassandra Doucet\u00a0\u00bb font_container=\u00a0\u00bbtag:h4|text_align:center|color:%23ffffff\u00a0\u00bb google_fonts=\u00a0\u00bbfont_family:Oleo%20Script%20Swash%20Caps%3Aregular%2C700|font_style:700%20bold%20regular%3A700%3Anormal\u00a0\u00bb][vc_column_text]<\/p>\n<h5 style=\"text-align: center;\">Pr\u00e9sidente<\/h5>\n<p>[\/vc_column_text][\/vc_column_inner][\/vc_row_inner]<\/div>[\/vc_column][vc_column width=\u00a0\u00bb1\/4&Prime;]<div class=\"ult-animation  ult-animate-viewport  ult-no-mobile \" data-animate=\"bounceInDown\" data-animation-delay=\"0.9\" data-animation-duration=\"3\" data-animation-iteration=\"1\" style=\"opacity:0;\" data-opacity_start_effect=\"\">[vc_row_inner][vc_column_inner css=\u00a0\u00bb.vc_custom_1690821854017{margin-top: 30px !important;margin-right: 30px !important;margin-bottom: 30px !important;margin-left: 30px !important;padding-top: 20px !important;padding-right: 20px !important;padding-bottom: 20px !important;padding-left: 20px !important;background-color: #66cee8 !important;}\u00a0\u00bb][vc_custom_heading text=\u00a0\u00bbAnnie Cormier\u00a0\u00bb font_container=\u00a0\u00bbtag:h4|text_align:center|color:%23ffffff\u00a0\u00bb google_fonts=\u00a0\u00bbfont_family:Oleo%20Script%20Swash%20Caps%3Aregular%2C700|font_style:700%20bold%20regular%3A700%3Anormal\u00a0\u00bb][vc_column_text]<\/p>\n<h5 style=\"text-align: center;\">Vice Pr\u00e9sidente<\/h5>\n<p>[\/vc_column_text][\/vc_column_inner][\/vc_row_inner]<\/div>[\/vc_column][vc_column width=\u00a0\u00bb1\/4&Prime;]<div class=\"ult-animation  ult-animate-viewport  ult-no-mobile \" data-animate=\"bounceInDown\" data-animation-delay=\"1.3\" data-animation-duration=\"3\" data-animation-iteration=\"1\" style=\"opacity:0;\" data-opacity_start_effect=\"\">[vc_row_inner][vc_column_inner css=\u00a0\u00bb.vc_custom_1690821892898{margin-top: 30px !important;margin-right: 30px !important;margin-bottom: 30px !important;margin-left: 30px !important;padding-top: 20px !important;padding-right: 20px !important;padding-bottom: 20px !important;padding-left: 20px !important;background-color: #a2e881 !important;}\u00a0\u00bb][vc_custom_heading text=\u00a0\u00bbLeanna Robichaud\u00a0\u00bb font_container=\u00a0\u00bbtag:h4|text_align:center|color:%23ffffff\u00a0\u00bb google_fonts=\u00a0\u00bbfont_family:Oleo%20Script%20Swash%20Caps%3Aregular%2C700|font_style:700%20bold%20regular%3A700%3Anormal\u00a0\u00bb][vc_column_text]<\/p>\n<h5 style=\"text-align: center;\">Tr\u00e9sorier<\/h5>\n<p>[\/vc_column_text][\/vc_column_inner][\/vc_row_inner]<\/div>[\/vc_column][vc_column width=\u00a0\u00bb1\/4&Prime;]<div class=\"ult-animation  ult-animate-viewport  ult-no-mobile \" data-animate=\"bounceInDown\" data-animation-delay=\"1.9\" data-animation-duration=\"3\" data-animation-iteration=\"1\" style=\"opacity:0;\" data-opacity_start_effect=\"\">[vc_row_inner][vc_column_inner css=\u00a0\u00bb.vc_custom_1690821925497{margin-top: 30px !important;margin-right: 30px !important;margin-bottom: 30px !important;margin-left: 30px !important;padding-top: 20px !important;padding-right: 20px !important;padding-bottom: 20px !important;padding-left: 20px !important;background-color: #eac862 !important;}\u00a0\u00bb][vc_custom_heading text=\u00a0\u00bb\u00a0\u00bb font_container=\u00a0\u00bbtag:h4|text_align:center|color:%23ffffff\u00a0\u00bb google_fonts=\u00a0\u00bbfont_family:Oleo%20Script%20Swash%20Caps%3Aregular%2C700|font_style:700%20bold%20regular%3A700%3Anormal\u00a0\u00bb][vc_column_text]<\/p>\n<h5 style=\"text-align: center;\">Secr\u00e9taire<\/h5>\n<p>[\/vc_column_text][\/vc_column_inner][\/vc_row_inner]<\/div>[\/vc_column][\/vc_row][vc_row full_width=\u00a0\u00bbstretch_row\u00a0\u00bb css=\u00a0\u00bb.vc_custom_1690834629953{background-image: url(https:\/\/kentcrfk.ca\/wp-content\/uploads\/2023\/07\/craft.jpg?id=12828) !important;background-position: center !important;background-repeat: no-repeat !important;background-size: cover !important;}\u00a0\u00bb][vc_column width=\u00a0\u00bb1\/3&Prime;]<div class=\"ult-animation  ult-animate-viewport  ult-no-mobile  vc_custom_1695410997778\" data-animate=\"bounceInUp\" data-animation-delay=\"0\" data-animation-duration=\"3\" data-animation-iteration=\"1\" style=\"opacity:0;\" data-opacity_start_effect=\"\">[vc_row_inner][vc_column_inner css=\u00a0\u00bb.vc_custom_1695410930244{background-color: #c6ed17 !important;}\u00a0\u00bb][vc_custom_heading text=\u00a0\u00bbChantal Cormier\u00a0\u00bb font_container=\u00a0\u00bbtag:h4|text_align:center|color:%23000000&Prime; google_fonts=\u00a0\u00bbfont_family:Oleo%20Script%20Swash%20Caps%3Aregular%2C700|font_style:700%20bold%20regular%3A700%3Anormal\u00a0\u00bb][vc_column_text]<\/p>\n<h5 style=\"text-align: center;\">Membre<\/h5>\n<p>[\/vc_column_text][\/vc_column_inner][\/vc_row_inner]<\/div><div class=\"ult-animation  ult-animate-viewport  ult-no-mobile  vc_custom_1695411182386\" data-animate=\"bounceInUp\" data-animation-delay=\"3\" data-animation-duration=\"3\" data-animation-iteration=\"1\" style=\"opacity:0;\" data-opacity_start_effect=\"\">[vc_row_inner][vc_column_inner css=\u00a0\u00bb.vc_custom_1695411147235{background-color: #f393f9 !important;}\u00a0\u00bb][vc_custom_heading text=\u00a0\u00bbM\u00e9lanie Arsenault, Jared Dwyer\u00a0\u00bb font_container=\u00a0\u00bbtag:h4|text_align:center|color:%23000000&Prime; google_fonts=\u00a0\u00bbfont_family:Oleo%20Script%20Swash%20Caps%3Aregular%2C700|font_style:700%20bold%20regular%3A700%3Anormal\u00a0\u00bb][vc_column_text]<\/p>\n<h5 style=\"text-align: center;\">Membre<\/h5>\n<p>[\/vc_column_text][\/vc_column_inner][\/vc_row_inner]<\/div>[\/vc_column][vc_column width=\u00a0\u00bb1\/3&Prime;]<div class=\"ult-animation  ult-animate-viewport  ult-no-mobile  vc_custom_1695411070000\" data-animate=\"bounceInUp\" data-animation-delay=\"1\" data-animation-duration=\"3\" data-animation-iteration=\"1\" style=\"opacity:0;\" data-opacity_start_effect=\"\">[vc_row_inner][vc_column_inner css=\u00a0\u00bb.vc_custom_1695411062429{background-color: #c85aed !important;}\u00a0\u00bb][vc_custom_heading text=\u00a0\u00bbKelsey Cosby\u00a0\u00bb font_container=\u00a0\u00bbtag:h4|text_align:center|color:%23000000&Prime; google_fonts=\u00a0\u00bbfont_family:Oleo%20Script%20Swash%20Caps%3Aregular%2C700|font_style:700%20bold%20regular%3A700%3Anormal\u00a0\u00bb][vc_column_text]<\/p>\n<h5 style=\"text-align: center;\">Membre<\/h5>\n<p>[\/vc_column_text][\/vc_column_inner][\/vc_row_inner]<\/div><div class=\"ult-animation  ult-animate-viewport  ult-no-mobile  vc_custom_1695411205605\" data-animate=\"bounceInUp\" data-animation-delay=\"4\" data-animation-duration=\"3\" data-animation-iteration=\"1\" style=\"opacity:0;\" data-opacity_start_effect=\"\">[vc_row_inner][vc_column_inner css=\u00a0\u00bb.vc_custom_1695411198189{background-color: #32d39e !important;}\u00a0\u00bb][vc_custom_heading text=\u00a0\u00bbNathalie Goguen\u00a0\u00bb font_container=\u00a0\u00bbtag:h4|text_align:center|color:%23000000&Prime; google_fonts=\u00a0\u00bbfont_family:Oleo%20Script%20Swash%20Caps%3Aregular%2C700|font_style:700%20bold%20regular%3A700%3Anormal\u00a0\u00bb][vc_column_text]<\/p>\n<h5 style=\"text-align: center;\">Membre<\/h5>\n<p>[\/vc_column_text][\/vc_column_inner][\/vc_row_inner]<\/div>[\/vc_column][vc_column width=\u00a0\u00bb1\/3&Prime;]<div class=\"ult-animation  ult-animate-viewport  ult-no-mobile  vc_custom_1695411512774\" data-animate=\"bounceInUp\" data-animation-delay=\"2\" data-animation-duration=\"3\" data-animation-iteration=\"1\" style=\"opacity:0;\" data-opacity_start_effect=\"\">[vc_row_inner][vc_column_inner css=\u00a0\u00bb.vc_custom_1695411107979{background-color: #efb917 !important;}\u00a0\u00bb][vc_custom_heading text=\u00a0\u00bbMyl\u00e8ne Comeau, Kayla Dwyer\u00a0\u00bb font_container=\u00a0\u00bbtag:h4|text_align:center|color:%23000000&Prime; google_fonts=\u00a0\u00bbfont_family:Oleo%20Script%20Swash%20Caps%3Aregular%2C700|font_style:700%20bold%20regular%3A700%3Anormal\u00a0\u00bb][vc_column_text]<\/p>\n<h5 style=\"text-align: center;\">Membre<\/h5>\n<p>[\/vc_column_text][\/vc_column_inner][\/vc_row_inner]<\/div><div class=\"ult-animation  ult-animate-viewport  ult-no-mobile  vc_custom_1695411524422\" data-animate=\"bounceInUp\" data-animation-delay=\"5\" data-animation-duration=\"3\" data-animation-iteration=\"1\" style=\"opacity:0;\" data-opacity_start_effect=\"\">[vc_row_inner][vc_column_inner css=\u00a0\u00bb.vc_custom_1695411240730{background-color: #17e1ef !important;}\u00a0\u00bb][vc_custom_heading text=\u00a0\u00bbJessica Labrecque\u00a0\u00bb font_container=\u00a0\u00bbtag:h4|text_align:center|color:%23000000&Prime; google_fonts=\u00a0\u00bbfont_family:Oleo%20Script%20Swash%20Caps%3Aregular%2C700|font_style:700%20bold%20regular%3A700%3Anormal\u00a0\u00bb][vc_column_text]<\/p>\n<h5 style=\"text-align: center;\">Membre<\/h5>\n<p>[\/vc_column_text][\/vc_column_inner][\/vc_row_inner]<\/div>[\/vc_column][\/vc_row]<\/p>\n<\/div>","protected":false},"excerpt":{"rendered":"<p>[vc_row full_width=\u00a0\u00bbstretch_row\u00a0\u00bb css=\u00a0\u00bb.vc_custom_1690572620141{background-image: url(https:\/\/kentcrfk.ca\/wp-content\/uploads\/2023\/07\/banniere_breadcrumb.jpg?id=12990) !important;background-position: center !important;background-repeat: no-repeat !important;background-size: cover !important;}\u00a0\u00bb][vc_column][vc_empty_space][vc_row_inner][vc_column_inner width=\u00a0\u00bb1\/2&Prime; css=\u00a0\u00bb.vc_custom_1690572677061{background-color: rgba(255,255,255,0.8) !important;*background-color: rgb(255,255,255) !important;}\u00a0\u00bb][vc_custom_heading text=\u00a0\u00bb\u00c0 propos\u00a0\u00bb font_container=\u00a0\u00bbtag:h2|font_size:80px|text_align:left\u00a0\u00bb google_fonts=\u00a0\u00bbfont_family:Oleo%20Script%20Swash%20Caps%3Aregular%2C700|font_style:700%20bold%20regular%3A700%3Anormal\u00a0\u00bb][\/vc_column_inner][vc_column_inner width=\u00a0\u00bb1\/2&Prime;][vc_empty_space][\/vc_column_inner][\/vc_row_inner][vc_empty_space][\/vc_column][\/vc_row][vc_row full_width=\u00a0\u00bbstretch_row\u00a0\u00bb css=\u00a0\u00bb.vc_custom_1586335532712{padding-top: 4% !important;padding-bottom: 3% !important;background-position: 0 0 [&hellip;]<\/p>\n","protected":false},"author":1,"featured_media":0,"parent":0,"menu_order":0,"comment_status":"closed","ping_status":"closed","template":"","meta":{"footnotes":""},"class_list":["post-14001","page","type-page","status-publish","hentry"],"aioseo_notices":[],"_links":{"self":[{"href":"https:\/\/kentcrfk.ca\/fr\/wp-json\/wp\/v2\/pages\/14001","targetHints":{"allow":["GET"]}}],"collection":[{"href":"https:\/\/kentcrfk.ca\/fr\/wp-json\/wp\/v2\/pages"}],"about":[{"href":"https:\/\/kentcrfk.ca\/fr\/wp-json\/wp\/v2\/types\/page"}],"author":[{"embeddable":true,"href":"https:\/\/kentcrfk.ca\/fr\/wp-json\/wp\/v2\/users\/1"}],"replies":[{"embeddable":true,"href":"https:\/\/kentcrfk.ca\/fr\/wp-json\/wp\/v2\/comments?post=14001"}],"version-history":[{"count":16,"href":"https:\/\/kentcrfk.ca\/fr\/wp-json\/wp\/v2\/pages\/14001\/revisions"}],"predecessor-version":[{"id":14311,"href":"https:\/\/kentcrfk.ca\/fr\/wp-json\/wp\/v2\/pages\/14001\/revisions\/14311"}],"wp:attachment":[{"href":"https:\/\/kentcrfk.ca\/fr\/wp-json\/wp\/v2\/media?parent=14001"}],"curies":[{"name":"wp","href":"https:\/\/api.w.org\/{rel}","templated":true}]}}