{"id":14017,"date":"2023-07-28T14:51:05","date_gmt":"2023-07-28T17:51:05","guid":{"rendered":"https:\/\/kentcrfkstaging.ca\/fun-to-be-four\/"},"modified":"2024-02-16T11:19:31","modified_gmt":"2024-02-16T15:19:31","slug":"quatre-ans-cest-plaisant","status":"publish","type":"page","link":"https:\/\/kentcrfk.ca\/fr\/quatre-ans-cest-plaisant\/","title":{"rendered":"Quatre ans c&rsquo;est plaisant!"},"content":{"rendered":"<div class=\"wpb-content-wrapper\"><p>[vc_row full_width=\u00a0\u00bbstretch_row\u00a0\u00bb css=\u00a0\u00bb.vc_custom_1690556580614{background-image: url(https:\/\/kentcrfk.ca\/wp-content\/uploads\/2023\/07\/banniere_breadcrumb.jpg?id=12990) !important;background-position: center !important;background-repeat: no-repeat !important;background-size: cover !important;}\u00a0\u00bb][vc_column][vc_empty_space][vc_row_inner][vc_column_inner width=\u00a0\u00bb1\/2&Prime; css=\u00a0\u00bb.vc_custom_1690556927106{margin-top: 20px !important;margin-right: 20px !important;margin-bottom: 20px !important;margin-left: 20px !important;background-color: #ffffff !important;}\u00a0\u00bb][vc_custom_heading text=\u00a0\u00bbQuatre ans c&rsquo;est plaisant!\u00a0\u00bb font_container=\u00a0\u00bbtag:h2|font_size:80px|text_align:left|color:%233cc43f\u00a0\u00bb google_fonts=\u00a0\u00bbfont_family:Oleo%20Script%20Swash%20Caps%3Aregular%2C700|font_style:700%20bold%20regular%3A700%3Anormal\u00a0\u00bb css=\u00a0\u00bb.vc_custom_1691783333509{background-color: rgba(255,255,255,0.75) !important;*background-color: rgb(255,255,255) !important;}\u00a0\u00bb][\/vc_column_inner][vc_column_inner width=\u00a0\u00bb1\/2&Prime;][vc_empty_space][\/vc_column_inner][\/vc_row_inner][vc_empty_space][\/vc_column][\/vc_row][vc_row][vc_column][vc_empty_space height=\u00a0\u00bb50px\u00a0\u00bb][vc_row_inner][vc_column_inner width=\u00a0\u00bb2\/5&Prime;][vc_single_image image=\u00a0\u00bb13898&Prime; img_size=\u00a0\u00bbfull\u00a0\u00bb][\/vc_column_inner][vc_column_inner width=\u00a0\u00bb3\/5&Prime;][vc_empty_space height=\u00a0\u00bb50px\u00a0\u00bb][vc_column_text]<\/p>\n<div style=\"font-size: 30px; line-height: 36px;\">D\u00e9j\u00e0 l\u2019inscription de \u201c<strong>Quatre ans c\u2019est plaisant<\/strong>\u201d pour votre enfant! Que <strong>le temps passe vite<\/strong> en compagnie de nos tout-petits! Veuillez <strong>consulter l\u2019information suivante<\/strong> pour plus d\u2019informations concernant l\u2019<strong>inscription<\/strong>.<\/div>\n<p>[\/vc_column_text][vc_btn title=\u00a0\u00bbInscription \u00e0 Quatre ans c&rsquo;est plaisant!\u00a0\u00bb color=\u00a0\u00bbgreen\u00a0\u00bb size=\u00a0\u00bblg\u00a0\u00bb align=\u00a0\u00bbcenter\u00a0\u00bb i_align=\u00a0\u00bbright\u00a0\u00bb i_icon_fontawesome=\u00a0\u00bbfas fa-angle-right\u00a0\u00bb add_icon=\u00a0\u00bbtrue\u00a0\u00bb link=\u00a0\u00bburl:https%3A%2F%2Fkentcrfk.ca%2Ffun-to-be-four-register%2F|title:Fun%20to%20be%20Four%20%E2%80%93%20Register\u00a0\u00bb][\/vc_column_inner][\/vc_row_inner][\/vc_column][\/vc_row][vc_row full_width=\u00a0\u00bbstretch_row\u00a0\u00bb css=\u00a0\u00bb.vc_custom_1690568903323{background-image: url(https:\/\/kentcrfk.ca\/wp-content\/uploads\/2023\/07\/BKGdrawingsGreen.jpg?id=13021) !important;background-position: center !important;background-repeat: no-repeat !important;background-size: cover !important;}\u00a0\u00bb][vc_column][vc_tta_accordion color=\u00a0\u00bbgreen\u00a0\u00bb spacing=\u00a0\u00bb1&Prime; c_icon=\u00a0\u00bbtriangle\u00a0\u00bb c_position=\u00a0\u00bbright\u00a0\u00bb active_section=\u00a0\u00bb1&Prime; collapsible_all=\u00a0\u00bbtrue\u00a0\u00bb css=\u00a0\u00bb.vc_custom_1690569410776{margin-top: 50px !important;margin-right: 50px !important;margin-bottom: 50px !important;margin-left: 50px !important;padding-top: 20px !important;padding-right: 10px !important;padding-bottom: 20px !important;padding-left: 10px !important;}\u00a0\u00bb][vc_tta_section title=\u00a0\u00bb\u00c0 qui s&rsquo;adresse ce programme?\u00a0\u00bb tab_id=\u00a0\u00bb1690563300185-03b24f69-322f\u00a0\u00bb][vc_row_inner][vc_column_inner el_align=\u00a0\u00bbright\u00a0\u00bb width=\u00a0\u00bb1\/5&Prime;][vc_custom_heading text=\u00a0\u00bbR\u00e9ponse:\u00a0\u00bb font_container=\u00a0\u00bbtag:h5|text_align:right\u00a0\u00bb google_fonts=\u00a0\u00bbfont_family:Oleo%20Script%20Swash%20Caps%3Aregular%2C700|font_style:400%20regular%3A400%3Anormal\u00a0\u00bb][\/vc_column_inner][vc_column_inner width=\u00a0\u00bb4\/5&Prime;][vc_column_text]Ce programme s\u2019adresse aux enfants qui d\u00e9buteront la maternelle au mois de septembre de l\u2019ann\u00e9e suivante.[\/vc_column_text][\/vc_column_inner][\/vc_row_inner][\/vc_tta_section][vc_tta_section title=\u00a0\u00bbO\u00f9 et quand est-il offert?\u00a0\u00bb tab_id=\u00a0\u00bb1690569568511-7fac5500-f5e4&Prime;][vc_row_inner][vc_column_inner el_align=\u00a0\u00bbright\u00a0\u00bb width=\u00a0\u00bb1\/5&Prime;][vc_custom_heading text=\u00a0\u00bbR\u00e9ponse:\u00a0\u00bb font_container=\u00a0\u00bbtag:h5|text_align:right\u00a0\u00bb google_fonts=\u00a0\u00bbfont_family:Oleo%20Script%20Swash%20Caps%3Aregular%2C700|font_style:400%20regular%3A400%3Anormal\u00a0\u00bb][\/vc_column_inner][vc_column_inner width=\u00a0\u00bb4\/5&Prime;][vc_column_text]<\/p>\n<p id=\"tw-target-text\" class=\"tw-data-text tw-text-large tw-ta\" dir=\"ltr\" data-placeholder=\"Translation\">Le programme \u201cQuatre ans c\u2019est plaisant\u201d est offert dans chaque \u00e9cole francophone du comt\u00e9 de Kent. Pour les enfants de la r\u00e9gion de Rexton et Harcourt, le programme est offert \u00e0 l\u2019\u00e9cole \u00e9l\u00e9mentaire de Rexton.<\/p>\n<p>[\/vc_column_text][\/vc_column_inner][\/vc_row_inner][\/vc_tta_section][vc_tta_section title=\u00a0\u00bbQuelle est la dur\u00e9e du programme?\u00a0\u00bb tab_id=\u00a0\u00bb1690569664381-3a6171ab-1299&Prime;][vc_row_inner][vc_column_inner el_align=\u00a0\u00bbright\u00a0\u00bb width=\u00a0\u00bb1\/5&Prime;][vc_custom_heading text=\u00a0\u00bbR\u00e9ponse:\u00a0\u00bb font_container=\u00a0\u00bbtag:h5|text_align:right\u00a0\u00bb google_fonts=\u00a0\u00bbfont_family:Oleo%20Script%20Swash%20Caps%3Aregular%2C700|font_style:400%20regular%3A400%3Anormal\u00a0\u00bb][\/vc_column_inner][vc_column_inner width=\u00a0\u00bb4\/5&Prime;][vc_column_text]<\/p>\n<p id=\"tw-target-text\" class=\"tw-data-text tw-text-large tw-ta\" dir=\"ltr\" data-placeholder=\"Translation\">Le programme est d\u2019une dur\u00e9e de 2 heures par jour durant 7 semaines. Le programme est offert \u00e0 diff\u00e9rentes p\u00e9riodes durant l\u2019ann\u00e9e selon les r\u00e9gions, afin d\u2019accommoder la disponibilit\u00e9 des locaux et des animatrices.<\/p>\n<p>[\/vc_column_text][\/vc_column_inner][\/vc_row_inner][\/vc_tta_section][vc_tta_section title=\u00a0\u00bbQuels sont les objectifs du programme?\u00a0\u00bb tab_id=\u00a0\u00bb1690569716927-633e685d-a587&Prime;][vc_row_inner][vc_column_inner el_align=\u00a0\u00bbright\u00a0\u00bb width=\u00a0\u00bb1\/5&Prime;][vc_custom_heading text=\u00a0\u00bbR\u00e9ponse:\u00a0\u00bb font_container=\u00a0\u00bbtag:h5|text_align:right\u00a0\u00bb google_fonts=\u00a0\u00bbfont_family:Oleo%20Script%20Swash%20Caps%3Aregular%2C700|font_style:400%20regular%3A400%3Anormal\u00a0\u00bb][\/vc_column_inner][vc_column_inner width=\u00a0\u00bb4\/5&Prime;][vc_column_text]<b>Notre mission :<\/b><\/p>\n<p>Offrir aux enfants et aux parents des sessions qui favorisent le d\u00e9veloppement global de l\u2019enfant \u00e0 travers le jeu.<\/p>\n<p><b>Nos valeurs :<\/b><\/p>\n<ul>\n<li>Chaque enfant est unique et apprend \u00e0 son rythme<\/li>\n<li>Les parents sont les premiers \u00e9ducateurs de leurs enfants<\/li>\n<li>Le jeu est le mode d\u2019apprentissage privil\u00e9gi\u00e9 de l\u2019enfant<\/li>\n<\/ul>\n<p><b>Nos objectifs :<\/b><\/p>\n<p>Une p\u00e9dagogie du jeu : toutes les activit\u00e9s du programme sont con\u00e7ues afin de permettre \u00e0 l\u2019enfant d\u2019apprendre tout en s\u2019amusant.<\/p>\n<ul>\n<li>Favoriser la relation parent-enfant<\/li>\n<li>Aider les enfants et les parents \u00e0 d\u00e9velopper une attitude positive par rapport aux apprentissages<\/li>\n<li>Offrir des activit\u00e9s cr\u00e9atives qui favorisent le d\u00e9veloppement des habilet\u00e9s de base des enfants<\/li>\n<li>Permettre le d\u00e9tachement<\/li>\n<li>Favoriser la socialisation et l\u2019estime de soi des enfants<\/li>\n<li>Initier les enfants aux activit\u00e9s d\u2019\u00e9veil \u00e0 la lecture et \u00e0 l\u2019\u00e9criture (pr\u00e9-litt\u00e9ratie) et des math\u00e9matiques (pr\u00e9-num\u00e9ratie)<\/li>\n<\/ul>\n<p>Chaque enfant re\u00e7oit cependant un portfolio (scrapbook) au d\u00e9but des sessions afin de permettre aux parents de voir les progr\u00e8s de leur enfant.[\/vc_column_text][\/vc_column_inner][\/vc_row_inner][\/vc_tta_section][vc_tta_section title=\u00a0\u00bbQue fera mon enfant?\u00a0\u00bb tab_id=\u00a0\u00bb1690569855347-a6cd2a0a-a34c\u00a0\u00bb][vc_row_inner][vc_column_inner el_align=\u00a0\u00bbright\u00a0\u00bb width=\u00a0\u00bb1\/5&Prime;][vc_custom_heading text=\u00a0\u00bbR\u00e9ponse:\u00a0\u00bb font_container=\u00a0\u00bbtag:h5|text_align:right\u00a0\u00bb google_fonts=\u00a0\u00bbfont_family:Oleo%20Script%20Swash%20Caps%3Aregular%2C700|font_style:400%20regular%3A400%3Anormal\u00a0\u00bb][\/vc_column_inner][vc_column_inner width=\u00a0\u00bb4\/5&Prime;][vc_column_text]<b>D\u00e9roulement des activit\u00e9s :<\/b><\/p>\n<ul>\n<li>Accueil<\/li>\n<li>Activit\u00e9s dirig\u00e9es (cercle, sac magique, bricolage, etc.)<\/li>\n<li>Collation nutritive<\/li>\n<li>Jeux de groupe<\/li>\n<li>Activit\u00e9 de familiarisation \u00e0 l\u2019environnement scolaire<\/li>\n<\/ul>\n<p><b>Accueil<\/b><\/p>\n<p>Le but des activit\u00e9s d\u2019accueil est d\u2019occuper les enfants en attendant que tout le monde soit l\u00e0 pour commencer. On veut faire des activit\u00e9s qui ne prennent pas trop de temps et que l\u2019on peut arr\u00eater \u00e0 n\u2019importe quel moment pour d\u00e9buter la session.<\/p>\n<p>Ex : Casse-t\u00eate, activit\u00e9s avec leur nom, jeu de s\u00e9quences, feuilles d\u2019activit\u00e9s, etc.<\/p>\n<p>Activit\u00e9s dirig\u00e9es (le cercle)<\/p>\n<p>Quelles sont les activit\u00e9s sp\u00e9ciales?<\/p>\n<ul>\n<li>Visite de la classe de maternelle<\/li>\n<li>Visite de la biblioth\u00e8que<\/li>\n<li>Activit\u00e9s au gymnase de l\u2019\u00e9cole<\/li>\n<li>Chasse au tr\u00e9sor (activit\u00e9 lors de la derni\u00e8re session)<\/li>\n<\/ul>\n<p>Quel est le r\u00f4le des parents?<\/p>\n<p>Le programme \u201cQuatre ans c\u2019est plaisant\u201d est un programme coop\u00e9ratif. Cela veut dire que les parents aident l\u2019animatrice dans son travail.<\/p>\n<p>Les parents (ou tout autre adulte significatif pour l\u2019enfant) doivent \u00eatre pr\u00e9sents \u00e0 la premi\u00e8re et \u00e0 la derni\u00e8re session (chasse au tr\u00e9sor). Nous recommandons \u00e9galement aux parents de participer \u00e0 au moins deux ateliers offerts durant l\u2019ann\u00e9e par le CRFK ou ses partenaires collaborateurs.[\/vc_column_text][\/vc_column_inner][\/vc_row_inner][\/vc_tta_section][vc_tta_section title=\u00a0\u00bbComment inscrire mon enfant?\u00a0\u00bb tab_id=\u00a0\u00bb1690570045203-f0f0517c-3fbd\u00a0\u00bb][vc_row_inner][vc_column_inner el_align=\u00a0\u00bbright\u00a0\u00bb width=\u00a0\u00bb1\/5&Prime;][vc_custom_heading text=\u00a0\u00bbR\u00e9ponse:\u00a0\u00bb font_container=\u00a0\u00bbtag:h5|text_align:right\u00a0\u00bb google_fonts=\u00a0\u00bbfont_family:Oleo%20Script%20Swash%20Caps%3Aregular%2C700|font_style:400%20regular%3A400%3Anormal\u00a0\u00bb][\/vc_column_inner][vc_column_inner width=\u00a0\u00bb4\/5&Prime;][vc_column_text]<\/p>\n<p id=\"tw-target-text\" class=\"tw-data-text tw-text-large tw-ta\" dir=\"ltr\" data-placeholder=\"Translation\">Vous pouvez l\u2019inscrire en ligne (voir formulaire) ou\u00a0t\u00e9l\u00e9phoner au Centre de ressources familiales de Kent au 524-9192.<\/p>\n<p>[\/vc_column_text][\/vc_column_inner][\/vc_row_inner][\/vc_tta_section][vc_tta_section title=\u00a0\u00bbEst-ce que \u00e7a signifie que mon enfant est automatiquement inscrit \u00e0 l&rsquo;\u00e9cole?\u00a0\u00bb tab_id=\u00a0\u00bb1690570116968-aba9f4f2-9355&Prime;][vc_row_inner][vc_column_inner el_align=\u00a0\u00bbright\u00a0\u00bb width=\u00a0\u00bb1\/5&Prime;][vc_custom_heading text=\u00a0\u00bbR\u00e9ponse:\u00a0\u00bb font_container=\u00a0\u00bbtag:h5|text_align:right\u00a0\u00bb google_fonts=\u00a0\u00bbfont_family:Oleo%20Script%20Swash%20Caps%3Aregular%2C700|font_style:400%20regular%3A400%3Anormal\u00a0\u00bb][\/vc_column_inner][vc_column_inner width=\u00a0\u00bb4\/5&Prime;][vc_column_text]Non. Comme le programme n\u2019est pas obligatoire, vous devez inscrire votre enfant aux deux endroits.<\/p>\n<p>Pour les enfants qui fr\u00e9quenteront les \u00e9coles du District scolaire francophone Sud, les inscriptions se font en ligne au\u00a0<a href=\"http:\/\/francophonesud.nbed.nb.ca\/\" target=\"_blank\" rel=\"noopener noreferrer\">http:\/\/francophonesud.nbed.nb.ca<\/a>\u00a0tout le mois d\u2019octobre. Les familles qui n\u2019ont pas acc\u00e8s \u00e0 l\u2019internet peuvent se rendre directement \u00e0 l\u2019\u00e9cole.<\/p>\n<p>Pour les enfants qui fr\u00e9quenteront les \u00e9coles du District scolaire anglophone Nord, les inscriptions se font la semaine du 14 au 18 octobre \u00a0et les parents doivent se rendre directement \u00e0 l\u2019\u00e9cole.<\/p>\n<p>Suite \u00e0 l\u2019inscription de votre enfant et le partage de vos coordonn\u00e9es, un responsable communiquera avec vous dans les semaines suivant l\u2019inscription.[\/vc_column_text][\/vc_column_inner][\/vc_row_inner][\/vc_tta_section][\/vc_tta_accordion][\/vc_column][\/vc_row][vc_row][vc_column][vc_empty_space height=\u00a0\u00bb50px\u00a0\u00bb][\/vc_column][\/vc_row][vc_row][vc_column width=\u00a0\u00bb3\/5&Prime;][vc_custom_heading text=\u00a0\u00bbN&rsquo;oubliez pas!\u00a0\u00bb font_container=\u00a0\u00bbtag:h2|font_size:50px|text_align:left|color:%23dd3333&Prime; google_fonts=\u00a0\u00bbfont_family:Oleo%20Script%20Swash%20Caps%3Aregular%2C700|font_style:700%20bold%20regular%3A700%3Anormal\u00a0\u00bb][vc_column_text]N\u2019oubliez pas que vous devez \u00e9galement inscrire votre enfant \u00e0 la maternelle du District scolaire francophone Sud durant le mois d\u2019octobre. Vous pouvez l\u2019inscrire en ligne sur le site du District scolaire francophone Sud.<\/p>\n<p><b>Formulaire d\u2019inscription en ligne :<\/b>\u00a0<a href=\"https:\/\/ped.nbed.nb.ca\/district01\/inscription\/bienvenue.aspx\" target=\"_blank\" rel=\"noopener noreferrer\">https:\/\/ped.nbed.nb.ca\/district01\/inscription\/bienvenue.aspx<\/a><\/p>\n<p><b>Site internet :<\/b>\u00a0<a href=\"http:\/\/francophonesud.nbed.nb.ca\/\" target=\"_blank\" rel=\"noopener noreferrer\">http:\/\/francophonesud.nbed.nb.ca\/<\/a><\/p>\n<p><b>Num\u00e9ro de t\u00e9l\u00e9phone :<\/b>\u00a01-888-268-9088<\/p>\n<p>Vous pourrez confirmer votre inscription en vous pr\u00e9sentant \u00e0 l\u2019\u00e9cole respective de l\u2019enfant avec en main, une preuve de l\u2019\u00e2ge de votre enfant gr\u00e2ce \u00e0 son certificat de naissance ainsi que son carnet d\u2019immunisation \u00e0 jour.[\/vc_column_text][\/vc_column][vc_column width=\u00a0\u00bb2\/5&Prime;][vc_empty_space height=\u00a0\u00bb100px\u00a0\u00bb][vc_single_image image=\u00a0\u00bb13950&Prime; img_size=\u00a0\u00bbfull\u00a0\u00bb][\/vc_column][\/vc_row]<\/p>\n<\/div>","protected":false},"excerpt":{"rendered":"<p>[vc_row full_width=\u00a0\u00bbstretch_row\u00a0\u00bb css=\u00a0\u00bb.vc_custom_1690556580614{background-image: url(https:\/\/kentcrfk.ca\/wp-content\/uploads\/2023\/07\/banniere_breadcrumb.jpg?id=12990) !important;background-position: center !important;background-repeat: no-repeat !important;background-size: cover !important;}\u00a0\u00bb][vc_column][vc_empty_space][vc_row_inner][vc_column_inner width=\u00a0\u00bb1\/2&Prime; css=\u00a0\u00bb.vc_custom_1690556927106{margin-top: 20px !important;margin-right: 20px !important;margin-bottom: 20px !important;margin-left: 20px !important;background-color: #ffffff !important;}\u00a0\u00bb][vc_custom_heading text=\u00a0\u00bbQuatre ans c&rsquo;est plaisant!\u00a0\u00bb font_container=\u00a0\u00bbtag:h2|font_size:80px|text_align:left|color:%233cc43f\u00a0\u00bb google_fonts=\u00a0\u00bbfont_family:Oleo%20Script%20Swash%20Caps%3Aregular%2C700|font_style:700%20bold%20regular%3A700%3Anormal\u00a0\u00bb css=\u00a0\u00bb.vc_custom_1691783333509{background-color: [&hellip;]<\/p>\n","protected":false},"author":1,"featured_media":0,"parent":0,"menu_order":0,"comment_status":"closed","ping_status":"closed","template":"","meta":{"footnotes":""},"class_list":["post-14017","page","type-page","status-publish","hentry"],"aioseo_notices":[],"_links":{"self":[{"href":"https:\/\/kentcrfk.ca\/fr\/wp-json\/wp\/v2\/pages\/14017","targetHints":{"allow":["GET"]}}],"collection":[{"href":"https:\/\/kentcrfk.ca\/fr\/wp-json\/wp\/v2\/pages"}],"about":[{"href":"https:\/\/kentcrfk.ca\/fr\/wp-json\/wp\/v2\/types\/page"}],"author":[{"embeddable":true,"href":"https:\/\/kentcrfk.ca\/fr\/wp-json\/wp\/v2\/users\/1"}],"replies":[{"embeddable":true,"href":"https:\/\/kentcrfk.ca\/fr\/wp-json\/wp\/v2\/comments?post=14017"}],"version-history":[{"count":7,"href":"https:\/\/kentcrfk.ca\/fr\/wp-json\/wp\/v2\/pages\/14017\/revisions"}],"predecessor-version":[{"id":14339,"href":"https:\/\/kentcrfk.ca\/fr\/wp-json\/wp\/v2\/pages\/14017\/revisions\/14339"}],"wp:attachment":[{"href":"https:\/\/kentcrfk.ca\/fr\/wp-json\/wp\/v2\/media?parent=14017"}],"curies":[{"name":"wp","href":"https:\/\/api.w.org\/{rel}","templated":true}]}}