{"id":14025,"date":"2023-07-28T15:11:24","date_gmt":"2023-07-28T18:11:24","guid":{"rendered":"https:\/\/kentcrfkstaging.ca\/newborn-new-life\/"},"modified":"2024-02-08T15:26:47","modified_gmt":"2024-02-08T19:26:47","slug":"nouveau-ne-nouvelle-vie","status":"publish","type":"page","link":"https:\/\/kentcrfk.ca\/fr\/nouveau-ne-nouvelle-vie\/","title":{"rendered":"Nouveau-n\u00e9 nouvelle vie"},"content":{"rendered":"<div class=\"wpb-content-wrapper\"><p>[vc_row full_width=\u00a0\u00bbstretch_row\u00a0\u00bb css=\u00a0\u00bb.vc_custom_1690556580614{background-image: url(https:\/\/kentcrfk.ca\/wp-content\/uploads\/2023\/07\/banniere_breadcrumb.jpg?id=12990) !important;background-position: center !important;background-repeat: no-repeat !important;background-size: cover !important;}\u00a0\u00bb][vc_column][vc_empty_space][vc_row_inner][vc_column_inner width=\u00a0\u00bb3\/5&Prime; css=\u00a0\u00bb.vc_custom_1690556927106{margin-top: 20px !important;margin-right: 20px !important;margin-bottom: 20px !important;margin-left: 20px !important;background-color: #ffffff !important;}\u00a0\u00bb][vc_custom_heading text=\u00a0\u00bbNouveau-n\u00e9, nouvelle vie\u00a0\u00bb font_container=\u00a0\u00bbtag:h2|font_size:80px|text_align:left|color:%23dd0404&Prime; google_fonts=\u00a0\u00bbfont_family:Oleo%20Script%20Swash%20Caps%3Aregular%2C700|font_style:700%20bold%20regular%3A700%3Anormal\u00a0\u00bb css=\u00a0\u00bb.vc_custom_1697204065064{background-color: rgba(255,255,255,0.75) !important;*background-color: rgb(255,255,255) !important;}\u00a0\u00bb][\/vc_column_inner][vc_column_inner width=\u00a0\u00bb2\/5&Prime;][vc_empty_space][\/vc_column_inner][\/vc_row_inner][vc_empty_space][\/vc_column][\/vc_row][vc_row][vc_column][vc_empty_space height=\u00a0\u00bb50px\u00a0\u00bb][vc_row_inner][vc_column_inner width=\u00a0\u00bb2\/5&Prime;][vc_single_image image=\u00a0\u00bb14137&Prime; img_size=\u00a0\u00bbfull\u00a0\u00bb][\/vc_column_inner][vc_column_inner width=\u00a0\u00bb3\/5&Prime;][vc_empty_space height=\u00a0\u00bb100px\u00a0\u00bb][vc_column_text]<\/p>\n<div style=\"font-size: 30px; line-height: 36px;\">Le <strong>programme Nouveau-n\u00e9, Nouvelle vie<\/strong> (pr\u00e9natal et postnatal) fait partie du <strong>Programme Canadien de nutrition pr\u00e9natale<\/strong> (PCNP) financ\u00e9 par l\u2019<strong>Agence de la sant\u00e9 publique du Canada<\/strong>.<\/div>\n<p>[\/vc_column_text][\/vc_column_inner][\/vc_row_inner][\/vc_column][\/vc_row][vc_row full_width=\u00a0\u00bbstretch_row\u00a0\u00bb css=\u00a0\u00bb.vc_custom_1690571575548{background-image: url(https:\/\/kentcrfk.ca\/wp-content\/uploads\/2023\/07\/BKGdrawingsOrange.jpg?id=13031) !important;background-position: center !important;background-repeat: no-repeat !important;background-size: cover !important;}\u00a0\u00bb][vc_column][vc_tta_accordion color=\u00a0\u00bbpink\u00a0\u00bb spacing=\u00a0\u00bb1&Prime; c_icon=\u00a0\u00bbtriangle\u00a0\u00bb c_position=\u00a0\u00bbright\u00a0\u00bb active_section=\u00a0\u00bb1&Prime; collapsible_all=\u00a0\u00bbtrue\u00a0\u00bb css=\u00a0\u00bb.vc_custom_1690571591267{margin-top: 50px !important;margin-right: 50px !important;margin-bottom: 50px !important;margin-left: 50px !important;padding-top: 20px !important;padding-right: 10px !important;padding-bottom: 20px !important;padding-left: 10px !important;}\u00a0\u00bb][vc_tta_section title=\u00a0\u00bbProgramme pr\u00e9natal\u00a0\u00bb tab_id=\u00a0\u00bb1690563300185-03b24f69-322f\u00a0\u00bb][vc_row_inner][vc_column_inner el_align=\u00a0\u00bbright\u00a0\u00bb width=\u00a0\u00bb1\/5&Prime;][vc_custom_heading text=\u00a0\u00bbDescription:\u00a0\u00bb font_container=\u00a0\u00bbtag:h5|text_align:right\u00a0\u00bb google_fonts=\u00a0\u00bbfont_family:Oleo%20Script%20Swash%20Caps%3Aregular%2C700|font_style:400%20regular%3A400%3Anormal\u00a0\u00bb][\/vc_column_inner][vc_column_inner width=\u00a0\u00bb4\/5&Prime;][vc_column_text]<\/p>\n<div class=\"TabActivitesAteliers\">\n<div class=\"TabActivitesAteliersRight\">Ce programme est habituellement d\u2019une dur\u00e9e de 6-7 semaines<\/div>\n<div class=\"TabActivitesAteliersRight\"><em><strong>Th\u00e8mes\u00a0 abord\u00e9s:<\/strong><\/em><\/div>\n<div>Grossesse sant\u00e9<\/div>\n<div class=\"TabActivitesAteliersRight\">Travail et accouchement<\/div>\n<div>Interverntions m\u00e9dicales<\/div>\n<div>Mesures de confort<\/div>\n<div class=\"TabActivitesAteliersRight\">Allaitement<\/div>\n<div class=\"TabActivitesAteliersRight\">Sant\u00e9 mentale<\/div>\n<div class=\"TabActivitesAteliersRight\">Soins du b\u00e9b\u00e9<\/div>\n<div>\u00c9ducation en s\u00e9curit\u00e9 de si\u00e8ge d&rsquo;auto, etc.<\/div>\n<\/div>\n<p>[\/vc_column_text][\/vc_column_inner][\/vc_row_inner][vc_row_inner][vc_column_inner width=\u00a0\u00bb1\/5&Prime;][vc_custom_heading text=\u00a0\u00bbJourn\u00e9e:\u00a0\u00bb font_container=\u00a0\u00bbtag:h5|text_align:right\u00a0\u00bb google_fonts=\u00a0\u00bbfont_family:Oleo%20Script%20Swash%20Caps%3Aregular%2C700|font_style:400%20regular%3A400%3Anormal\u00a0\u00bb][\/vc_column_inner][vc_column_inner width=\u00a0\u00bb4\/5&Prime;][vc_column_text]\u00c0 d\u00e9terminer[\/vc_column_text][\/vc_column_inner][\/vc_row_inner][vc_row_inner][vc_column_inner width=\u00a0\u00bb1\/5&Prime;][vc_custom_heading text=\u00a0\u00bbHeure:\u00a0\u00bb font_container=\u00a0\u00bbtag:h5|text_align:right\u00a0\u00bb google_fonts=\u00a0\u00bbfont_family:Oleo%20Script%20Swash%20Caps%3Aregular%2C700|font_style:400%20regular%3A400%3Anormal\u00a0\u00bb][\/vc_column_inner][vc_column_inner width=\u00a0\u00bb4\/5&Prime;][vc_column_text]18h30 \u00e0 20h30[\/vc_column_text][\/vc_column_inner][\/vc_row_inner][vc_row_inner][vc_column_inner width=\u00a0\u00bb1\/5&Prime;][vc_custom_heading text=\u00a0\u00bbLieu:\u00a0\u00bb font_container=\u00a0\u00bbtag:h5|text_align:right\u00a0\u00bb google_fonts=\u00a0\u00bbfont_family:Oleo%20Script%20Swash%20Caps%3Aregular%2C700|font_style:400%20regular%3A400%3Anormal\u00a0\u00bb][\/vc_column_inner][vc_column_inner width=\u00a0\u00bb4\/5&Prime;][vc_column_text]Bouctouche, Richibucto[\/vc_column_text][\/vc_column_inner][\/vc_row_inner][vc_row_inner][vc_column_inner width=\u00a0\u00bb1\/5&Prime;][vc_custom_heading text=\u00a0\u00bbLanguage:\u00a0\u00bb font_container=\u00a0\u00bbtag:h5|text_align:right\u00a0\u00bb google_fonts=\u00a0\u00bbfont_family:Oleo%20Script%20Swash%20Caps%3Aregular%2C700|font_style:400%20regular%3A400%3Anormal\u00a0\u00bb][\/vc_column_inner][vc_column_inner width=\u00a0\u00bb4\/5&Prime;][vc_column_text]Fran\u00e7ais &amp; Anglais<\/p>\n<p>&nbsp;[\/vc_column_text][\/vc_column_inner][\/vc_row_inner][vc_row_inner][vc_column_inner width=\u00a0\u00bb1\/5&Prime;][vc_custom_heading text=\u00a0\u00bb\u00c2ge:\u00a0\u00bb font_container=\u00a0\u00bbtag:h5|text_align:right\u00a0\u00bb google_fonts=\u00a0\u00bbfont_family:Oleo%20Script%20Swash%20Caps%3Aregular%2C700|font_style:400%20regular%3A400%3Anormal\u00a0\u00bb][\/vc_column_inner][vc_column_inner width=\u00a0\u00bb4\/5&Prime;][vc_column_text]Futur maman et personne support[\/vc_column_text][\/vc_column_inner][\/vc_row_inner][vc_row_inner][vc_column_inner width=\u00a0\u00bb1\/5&Prime;][vc_custom_heading text=\u00a0\u00bbAdresse:\u00a0\u00bb font_container=\u00a0\u00bbtag:h5|text_align:right\u00a0\u00bb google_fonts=\u00a0\u00bbfont_family:Oleo%20Script%20Swash%20Caps%3Aregular%2C700|font_style:400%20regular%3A400%3Anormal\u00a0\u00bb][\/vc_column_inner][vc_column_inner width=\u00a0\u00bb4\/5&Prime;][vc_column_text]9550 rue principale, unit\u00e9 1 (Richibucto)<\/p>\n<p>70 Rue \u00c9vangeline (Bouctouche)<\/p>\n<p>Sur demande, ce programme peut \u00eatre offert dans d&rsquo;autres r\u00e9gions du comt\u00e9 de Kent.<\/p>\n<p>&nbsp;[\/vc_column_text][\/vc_column_inner][\/vc_row_inner][vc_row_inner][vc_column_inner width=\u00a0\u00bb1\/5&Prime;][vc_custom_heading text=\u00a0\u00bbCollation:\u00a0\u00bb font_container=\u00a0\u00bbtag:h5|text_align:right\u00a0\u00bb google_fonts=\u00a0\u00bbfont_family:Oleo%20Script%20Swash%20Caps%3Aregular%2C700|font_style:400%20regular%3A400%3Anormal\u00a0\u00bb][\/vc_column_inner][vc_column_inner width=\u00a0\u00bb4\/5&Prime;][vc_column_text]Th\u00e9, caf\u00e9 et collation gratuite servie sur place.[\/vc_column_text][\/vc_column_inner][\/vc_row_inner][vc_row_inner][vc_column_inner width=\u00a0\u00bb1\/5&Prime;][vc_custom_heading text=\u00a0\u00bbMat\u00e9riel:\u00a0\u00bb font_container=\u00a0\u00bbtag:h5|text_align:right\u00a0\u00bb google_fonts=\u00a0\u00bbfont_family:Oleo%20Script%20Swash%20Caps%3Aregular%2C700|font_style:400%20regular%3A400%3Anormal\u00a0\u00bb][\/vc_column_inner][vc_column_inner width=\u00a0\u00bb4\/5&Prime;][vc_column_text]\u00c0 d\u00e9terminer[\/vc_column_text][\/vc_column_inner][\/vc_row_inner][vc_row_inner][vc_column_inner width=\u00a0\u00bb1\/5&Prime;][vc_custom_heading text=\u00a0\u00bbCo\u00fbt:\u00a0\u00bb font_container=\u00a0\u00bbtag:h5|text_align:right\u00a0\u00bb google_fonts=\u00a0\u00bbfont_family:Oleo%20Script%20Swash%20Caps%3Aregular%2C700|font_style:400%20regular%3A400%3Anormal\u00a0\u00bb][\/vc_column_inner][vc_column_inner width=\u00a0\u00bb4\/5&Prime;][vc_column_text]Gratuit[\/vc_column_text][\/vc_column_inner][\/vc_row_inner][vc_row_inner][vc_column_inner width=\u00a0\u00bb1\/5&Prime;][vc_custom_heading text=\u00a0\u00bbInfo:\u00a0\u00bb font_container=\u00a0\u00bbtag:h5|text_align:right\u00a0\u00bb google_fonts=\u00a0\u00bbfont_family:Oleo%20Script%20Swash%20Caps%3Aregular%2C700|font_style:400%20regular%3A400%3Anormal\u00a0\u00bb][\/vc_column_inner][vc_column_inner width=\u00a0\u00bb4\/5&Prime;][vc_column_text](506) 524-9192 ou <a href=\"mailto:richibucto@frc-crf.com\">richibucto@frc-crf.com<\/a>[\/vc_column_text][\/vc_column_inner][\/vc_row_inner][vc_row_inner][vc_column_inner width=\u00a0\u00bb1\/5&Prime;][vc_custom_heading text=\u00a0\u00bbNote importante:\u00a0\u00bb font_container=\u00a0\u00bbtag:h5|text_align:right\u00a0\u00bb google_fonts=\u00a0\u00bbfont_family:Oleo%20Script%20Swash%20Caps%3Aregular%2C700|font_style:400%20regular%3A400%3Anormal\u00a0\u00bb][\/vc_column_inner][vc_column_inner width=\u00a0\u00bb4\/5&Prime;][vc_column_text]<span lang=\"FR-CA\">Si l\u2019\u00e9cole est ferm\u00e9e en raison des conditions m\u00e9t\u00e9orologiques ou d\u2019un cong\u00e9 f\u00e9ri\u00e9 le programme est annul\u00e9. <\/span>[\/vc_column_text][\/vc_column_inner][\/vc_row_inner][\/vc_tta_section][vc_tta_section title=\u00a0\u00bbProgramme postnatal\u00a0\u00bb tab_id=\u00a0\u00bb1690563896594-ab9c1acb-f943&Prime;][vc_row_inner][vc_column_inner el_align=\u00a0\u00bbright\u00a0\u00bb width=\u00a0\u00bb1\/5&Prime;][vc_custom_heading text=\u00a0\u00bbDescription:\u00a0\u00bb font_container=\u00a0\u00bbtag:h5|text_align:right\u00a0\u00bb google_fonts=\u00a0\u00bbfont_family:Oleo%20Script%20Swash%20Caps%3Aregular%2C700|font_style:400%20regular%3A400%3Anormal\u00a0\u00bb][\/vc_column_inner][vc_column_inner width=\u00a0\u00bb4\/5&Prime;][vc_column_text]Apr\u00e8s la naissance du b\u00e9b\u00e9, nous offrons \u00e9galement un programme postnatal. C\u2019est un groupe ouvert auquel les mamans peuvent s\u2019y joindre \u00e0 tout moment pendant la premi\u00e8re ann\u00e9e de leur b\u00e9b\u00e9. Ce groupe est un soutien \u00e9norme pour les jeunes mamans.Plusieurs th\u00e8mes seront abord\u00e9s tels que les \u00e9tapes du d\u00e9veloppement du b\u00e9b\u00e9, le d\u00e9veloppement du cerveau et le langage, l\u2019attachement, la nutrition, la pr\u00e9paration d\u2019aliments pour b\u00e9b\u00e9, les d\u00e9fis dans les relations, le retour aux \u00e9tudes\/au travail, le support \u00e0 l\u2019allaitement et des pratiques de discipline positive.<\/p>\n<p>Le programme est toujours adapt\u00e9 aux besoins des mamans qui participent aux sessions et nous avons en plus la chance d\u2019avoir la collaboration de nombreux partenaires qui viennent partager leur expertise.<\/p>\n<p>Nous avons aussi dans la r\u00e9gion de Kent le programme d\u2019allaitement maternel et les marraines d\u2019allaitement sont l\u00e0 pour offrir du soutien aux mamans qui choisissent d\u2019allaiter. Ce service gratuit est offert par t\u00e9l\u00e9phone. Le D\u00e9fi mondial d\u2019allaitement maternel Quintessence a lieu une fois par ann\u00e9e \u00e0 l\u2019automne.[\/vc_column_text][\/vc_column_inner][\/vc_row_inner][vc_row_inner][vc_column_inner width=\u00a0\u00bb1\/5&Prime;][vc_custom_heading text=\u00a0\u00bbJourn\u00e9e:\u00a0\u00bb font_container=\u00a0\u00bbtag:h5|text_align:right\u00a0\u00bb google_fonts=\u00a0\u00bbfont_family:Oleo%20Script%20Swash%20Caps%3Aregular%2C700|font_style:400%20regular%3A400%3Anormal\u00a0\u00bb][\/vc_column_inner][vc_column_inner width=\u00a0\u00bb4\/5&Prime;][vc_column_text]Lundi (Richibucto)<\/p>\n<p>Mercredi (St-Louis)<\/p>\n<p>Jeudi (Bouctouche)<\/p>\n<p>Vendredi (St-Antoine)[\/vc_column_text][\/vc_column_inner][\/vc_row_inner][vc_row_inner][vc_column_inner width=\u00a0\u00bb1\/5&Prime;][vc_custom_heading text=\u00a0\u00bbHeure:\u00a0\u00bb font_container=\u00a0\u00bbtag:h5|text_align:right\u00a0\u00bb google_fonts=\u00a0\u00bbfont_family:Oleo%20Script%20Swash%20Caps%3Aregular%2C700|font_style:400%20regular%3A400%3Anormal\u00a0\u00bb][\/vc_column_inner][vc_column_inner width=\u00a0\u00bb4\/5&Prime;][vc_column_text]9h30 \u00e0 11h30[\/vc_column_text][\/vc_column_inner][\/vc_row_inner][vc_row_inner][vc_column_inner width=\u00a0\u00bb1\/5&Prime;][vc_custom_heading text=\u00a0\u00bbLieu:\u00a0\u00bb font_container=\u00a0\u00bbtag:h5|text_align:right\u00a0\u00bb google_fonts=\u00a0\u00bbfont_family:Oleo%20Script%20Swash%20Caps%3Aregular%2C700|font_style:400%20regular%3A400%3Anormal\u00a0\u00bb][\/vc_column_inner][vc_column_inner width=\u00a0\u00bb4\/5&Prime;][vc_column_text]Richibucto, St-Louis, Bouctouhe et Saint-Antoine.[\/vc_column_text][\/vc_column_inner][\/vc_row_inner][vc_row_inner][vc_column_inner width=\u00a0\u00bb1\/5&Prime;][vc_custom_heading text=\u00a0\u00bbLanguage:\u00a0\u00bb font_container=\u00a0\u00bbtag:h5|text_align:right\u00a0\u00bb google_fonts=\u00a0\u00bbfont_family:Oleo%20Script%20Swash%20Caps%3Aregular%2C700|font_style:400%20regular%3A400%3Anormal\u00a0\u00bb][\/vc_column_inner][vc_column_inner width=\u00a0\u00bb4\/5&Prime;][vc_column_text]<strong><em>Anglais:<\/em><\/strong><\/p>\n<p>Richibucto<\/p>\n<p><em><strong> Fran\u00e7ais:<\/strong><\/em><\/p>\n<p>St-Louis<\/p>\n<p>Bouctouche<\/p>\n<p>St-Antoine<\/p>\n<p><em>Veuillez noter que nous pouvons communiquer avec vous en anglais ou en fran\u00e7ais.<\/em>[\/vc_column_text][\/vc_column_inner][\/vc_row_inner][vc_row_inner][vc_column_inner width=\u00a0\u00bb1\/5&Prime;][vc_custom_heading text=\u00a0\u00bb\u00c2ge:\u00a0\u00bb font_container=\u00a0\u00bbtag:h5|text_align:right\u00a0\u00bb google_fonts=\u00a0\u00bbfont_family:Oleo%20Script%20Swash%20Caps%3Aregular%2C700|font_style:400%20regular%3A400%3Anormal\u00a0\u00bb][\/vc_column_inner][vc_column_inner width=\u00a0\u00bb4\/5&Prime;][vc_column_text]Mamans et b\u00e9b\u00e9[\/vc_column_text][\/vc_column_inner][\/vc_row_inner][vc_row_inner][vc_column_inner width=\u00a0\u00bb1\/5&Prime;][vc_custom_heading text=\u00a0\u00bbAdresse:\u00a0\u00bb font_container=\u00a0\u00bbtag:h5|text_align:right\u00a0\u00bb google_fonts=\u00a0\u00bbfont_family:Oleo%20Script%20Swash%20Caps%3Aregular%2C700|font_style:400%20regular%3A400%3Anormal\u00a0\u00bb][\/vc_column_inner][vc_column_inner width=\u00a0\u00bb4\/5&Prime;][vc_column_text]9550 Rue principale, Unit\u00e9 1 (Richibucto)<\/p>\n<p>70 rue \u00c9vangeline (Bouctouche)<\/p>\n<p>49 rue Coll\u00e8ge (St-Louis)<\/p>\n<p>4556 rue Principale Suite 100 (Saint-Antoine)[\/vc_column_text][\/vc_column_inner][\/vc_row_inner][vc_row_inner][vc_column_inner width=\u00a0\u00bb1\/5&Prime;][vc_custom_heading text=\u00a0\u00bbCollation:\u00a0\u00bb font_container=\u00a0\u00bbtag:h5|text_align:right\u00a0\u00bb google_fonts=\u00a0\u00bbfont_family:Oleo%20Script%20Swash%20Caps%3Aregular%2C700|font_style:400%20regular%3A400%3Anormal\u00a0\u00bb][\/vc_column_inner][vc_column_inner width=\u00a0\u00bb4\/5&Prime;][vc_column_text]Une collation gratuite est servie[\/vc_column_text][\/vc_column_inner][\/vc_row_inner][vc_row_inner][vc_column_inner width=\u00a0\u00bb1\/5&Prime;][vc_custom_heading text=\u00a0\u00bbMat\u00e9riel:\u00a0\u00bb font_container=\u00a0\u00bbtag:h5|text_align:right\u00a0\u00bb google_fonts=\u00a0\u00bbfont_family:Oleo%20Script%20Swash%20Caps%3Aregular%2C700|font_style:400%20regular%3A400%3Anormal\u00a0\u00bb][\/vc_column_inner][vc_column_inner width=\u00a0\u00bb4\/5&Prime;][vc_column_text]\u00c0 d\u00e9terminer[\/vc_column_text][\/vc_column_inner][\/vc_row_inner][vc_row_inner][vc_column_inner width=\u00a0\u00bb1\/5&Prime;][vc_custom_heading text=\u00a0\u00bbCo\u00fbt:\u00a0\u00bb font_container=\u00a0\u00bbtag:h5|text_align:right\u00a0\u00bb google_fonts=\u00a0\u00bbfont_family:Oleo%20Script%20Swash%20Caps%3Aregular%2C700|font_style:400%20regular%3A400%3Anormal\u00a0\u00bb][\/vc_column_inner][vc_column_inner width=\u00a0\u00bb4\/5&Prime;][vc_column_text]Gratuit[\/vc_column_text][\/vc_column_inner][\/vc_row_inner][vc_row_inner][vc_column_inner width=\u00a0\u00bb1\/5&Prime;][vc_custom_heading text=\u00a0\u00bbInfo:\u00a0\u00bb font_container=\u00a0\u00bbtag:h5|text_align:right\u00a0\u00bb google_fonts=\u00a0\u00bbfont_family:Oleo%20Script%20Swash%20Caps%3Aregular%2C700|font_style:400%20regular%3A400%3Anormal\u00a0\u00bb][\/vc_column_inner][vc_column_inner width=\u00a0\u00bb4\/5&Prime;][vc_column_text](506) 524-9192 ou <a href=\"mailto:richibucto@frc-crf.com\">richibucto@frc-crf.com<\/a>[\/vc_column_text][\/vc_column_inner][\/vc_row_inner][vc_row_inner][vc_column_inner width=\u00a0\u00bb1\/5&Prime;][vc_custom_heading text=\u00a0\u00bbNote importante:\u00a0\u00bb font_container=\u00a0\u00bbtag:h5|text_align:right\u00a0\u00bb google_fonts=\u00a0\u00bbfont_family:Oleo%20Script%20Swash%20Caps%3Aregular%2C700|font_style:400%20regular%3A400%3Anormal\u00a0\u00bb][\/vc_column_inner][vc_column_inner width=\u00a0\u00bb4\/5&Prime;][vc_column_text]<span lang=\"FR-CA\">Si l\u2019\u00e9cole est ferm\u00e9e en raison des conditions m\u00e9t\u00e9orologiques ou d\u2019un cong\u00e9 f\u00e9ri\u00e9 le programme est annul\u00e9. <\/span>[\/vc_column_text][\/vc_column_inner][\/vc_row_inner][\/vc_tta_section][\/vc_tta_accordion][\/vc_column][\/vc_row]<\/p>\n<\/div>","protected":false},"excerpt":{"rendered":"<p>[vc_row full_width=\u00a0\u00bbstretch_row\u00a0\u00bb css=\u00a0\u00bb.vc_custom_1690556580614{background-image: url(https:\/\/kentcrfk.ca\/wp-content\/uploads\/2023\/07\/banniere_breadcrumb.jpg?id=12990) !important;background-position: center !important;background-repeat: no-repeat !important;background-size: cover !important;}\u00a0\u00bb][vc_column][vc_empty_space][vc_row_inner][vc_column_inner width=\u00a0\u00bb3\/5&Prime; css=\u00a0\u00bb.vc_custom_1690556927106{margin-top: 20px !important;margin-right: 20px !important;margin-bottom: 20px !important;margin-left: 20px !important;background-color: #ffffff !important;}\u00a0\u00bb][vc_custom_heading text=\u00a0\u00bbNouveau-n\u00e9, nouvelle vie\u00a0\u00bb font_container=\u00a0\u00bbtag:h2|font_size:80px|text_align:left|color:%23dd0404&Prime; google_fonts=\u00a0\u00bbfont_family:Oleo%20Script%20Swash%20Caps%3Aregular%2C700|font_style:700%20bold%20regular%3A700%3Anormal\u00a0\u00bb css=\u00a0\u00bb.vc_custom_1697204065064{background-color: rgba(255,255,255,0.75) [&hellip;]<\/p>\n","protected":false},"author":1,"featured_media":0,"parent":0,"menu_order":0,"comment_status":"closed","ping_status":"closed","template":"","meta":{"footnotes":""},"class_list":["post-14025","page","type-page","status-publish","hentry"],"aioseo_notices":[],"_links":{"self":[{"href":"https:\/\/kentcrfk.ca\/fr\/wp-json\/wp\/v2\/pages\/14025","targetHints":{"allow":["GET"]}}],"collection":[{"href":"https:\/\/kentcrfk.ca\/fr\/wp-json\/wp\/v2\/pages"}],"about":[{"href":"https:\/\/kentcrfk.ca\/fr\/wp-json\/wp\/v2\/types\/page"}],"author":[{"embeddable":true,"href":"https:\/\/kentcrfk.ca\/fr\/wp-json\/wp\/v2\/users\/1"}],"replies":[{"embeddable":true,"href":"https:\/\/kentcrfk.ca\/fr\/wp-json\/wp\/v2\/comments?post=14025"}],"version-history":[{"count":11,"href":"https:\/\/kentcrfk.ca\/fr\/wp-json\/wp\/v2\/pages\/14025\/revisions"}],"predecessor-version":[{"id":14293,"href":"https:\/\/kentcrfk.ca\/fr\/wp-json\/wp\/v2\/pages\/14025\/revisions\/14293"}],"wp:attachment":[{"href":"https:\/\/kentcrfk.ca\/fr\/wp-json\/wp\/v2\/media?parent=14025"}],"curies":[{"name":"wp","href":"https:\/\/api.w.org\/{rel}","templated":true}]}}