{"id":14031,"date":"2023-07-28T15:15:33","date_gmt":"2023-07-28T18:15:33","guid":{"rendered":"https:\/\/kentcrfkstaging.ca\/programs\/"},"modified":"2024-02-16T11:42:54","modified_gmt":"2024-02-16T15:42:54","slug":"programmes","status":"publish","type":"page","link":"https:\/\/kentcrfk.ca\/fr\/programmes\/","title":{"rendered":"Programmes"},"content":{"rendered":"<div class=\"wpb-content-wrapper\"><p>[vc_row full_width=\u00a0\u00bbstretch_row\u00a0\u00bb css=\u00a0\u00bb.vc_custom_1690571848757{background-image: url(https:\/\/kentcrfk.ca\/wp-content\/uploads\/2023\/07\/banniere_breadcrumb.jpg?id=12990) !important;background-position: center !important;background-repeat: no-repeat !important;background-size: cover !important;}\u00a0\u00bb][vc_column][vc_empty_space][vc_row_inner][vc_column_inner width=\u00a0\u00bb1\/2&Prime; css=\u00a0\u00bb.vc_custom_1690571978506{background-color: rgba(255,255,255,0.75) !important;*background-color: rgb(255,255,255) !important;}\u00a0\u00bb][vc_custom_heading text=\u00a0\u00bbProgrammes\u00a0\u00bb font_container=\u00a0\u00bbtag:h2|font_size:80px|text_align:left\u00a0\u00bb google_fonts=\u00a0\u00bbfont_family:Oleo%20Script%20Swash%20Caps%3Aregular%2C700|font_style:700%20bold%20regular%3A700%3Anormal\u00a0\u00bb][\/vc_column_inner][vc_column_inner width=\u00a0\u00bb1\/2&Prime;][vc_empty_space][\/vc_column_inner][\/vc_row_inner][vc_empty_space][\/vc_column][\/vc_row][vc_row][vc_column][vc_empty_space][\/vc_column][\/vc_row][vc_row full_width=\u00a0\u00bbstretch_row\u00a0\u00bb css_animation=\u00a0\u00bbfadeInUp\u00a0\u00bb css=\u00a0\u00bb.vc_custom_1690572093075{padding-top: 7% !important;padding-bottom: 12% !important;background-color: #d6eff3 !important;}\u00a0\u00bb el_class=\u00a0\u00bbfullwidth_curve_bg vcr_float_right\u00a0\u00bb][vc_column][vc_row_inner css=\u00a0\u00bb.vc_custom_1489145988800{padding-right: 0px !important;padding-left: 0px !important;}\u00a0\u00bb][vc_column_inner width=\u00a0\u00bb1\/4&Prime; el_id=\u00a0\u00bbAct\u00a0\u00bb]<div class=\"ult-animation  ult-animate-viewport  ult-no-mobile \" data-animate=\"bounce\" data-animation-delay=\"1.4\" data-animation-duration=\"1\" data-animation-iteration=\"1\" style=\"opacity:0;\" data-opacity_start_effect=\"\"><div class='dt-sc-image-caption type2  imagecaption-68797038812882104001169491501158524521'><div class='dt-sc-image-content'><div class='dt-sc-image-title'><h3><a href=\"https:\/\/kentcrfk.ca\/fr\/activites\/\" target=\"_self\" title=\"Activities\">Activit\u00e9s<\/a><\/h3><\/div><p>Un endroit o\u00f9 la famille peut socialiser, s&rsquo;amuser et \u00eatre active<\/p><\/div><div class='dt-sc-image-wrapper'><a target=\"_self\" href=\"https:\/\/kentcrfk.ca\/fr\/activites\/\"><img loading=\"lazy\" decoding=\"async\" width=\"1170\" height=\"902\" src=\"https:\/\/kentcrfk.ca\/wp-content\/uploads\/2023\/07\/peinture.jpg\" class=\"attachment-full\" alt=\"\" title=\"peinture\" srcset=\"https:\/\/kentcrfk.ca\/wp-content\/uploads\/2023\/07\/peinture.jpg 1170w, https:\/\/kentcrfk.ca\/wp-content\/uploads\/2023\/07\/peinture-300x231.jpg 300w, https:\/\/kentcrfk.ca\/wp-content\/uploads\/2023\/07\/peinture-1024x789.jpg 1024w\" sizes=\"auto, (max-width: 1170px) 100vw, 1170px\" \/><\/a><\/div><\/div><\/div>[\/vc_column_inner][vc_column_inner width=\u00a0\u00bb1\/4&Prime; el_id=\u00a0\u00bbwork\u00a0\u00bb]<div class=\"ult-animation  ult-animate-viewport  ult-no-mobile \" data-animate=\"bounce\" data-animation-delay=\"1.7\" data-animation-duration=\"1\" data-animation-iteration=\"1\" style=\"opacity:0;\" data-opacity_start_effect=\"\"><div class='dt-sc-image-caption type2  imagecaption-143652982318156955871113833434657107709'><div class='dt-sc-image-content'><div class='dt-sc-image-title'><h3><a href=\"https:\/\/kentcrfk.ca\/fr\/ateliers\/\" target=\"_self\" title=\"Workshops\">Ateliers<\/a><\/h3><\/div><p>Avez-vous jamais dout\u00e9 de votre capacit\u00e9 \u00e0 \u00eatre parent?<\/p><\/div><div class='dt-sc-image-wrapper'><a target=\"_self\" href=\"https:\/\/kentcrfk.ca\/fr\/ateliers\/\"><img loading=\"lazy\" decoding=\"async\" width=\"1170\" height=\"902\" src=\"https:\/\/kentcrfk.ca\/wp-content\/uploads\/2023\/07\/workshop.jpg\" class=\"attachment-full\" alt=\"\" title=\"workshop\" srcset=\"https:\/\/kentcrfk.ca\/wp-content\/uploads\/2023\/07\/workshop.jpg 1170w, https:\/\/kentcrfk.ca\/wp-content\/uploads\/2023\/07\/workshop-300x231.jpg 300w, https:\/\/kentcrfk.ca\/wp-content\/uploads\/2023\/07\/workshop-1024x789.jpg 1024w\" sizes=\"auto, (max-width: 1170px) 100vw, 1170px\" \/><\/a><\/div><\/div><\/div>[\/vc_column_inner][vc_column_inner width=\u00a0\u00bb1\/4&Prime; el_id=\u00a0\u00bbfour\u00a0\u00bb]<div class=\"ult-animation  ult-animate-viewport  ult-no-mobile \" data-animate=\"bounce\" data-animation-delay=\"2.0\" data-animation-duration=\"1\" data-animation-iteration=\"1\" style=\"opacity:0;\" data-opacity_start_effect=\"\"><div class='dt-sc-image-caption type2  imagecaption-7145809737568073741024105297622661089'><div class='dt-sc-image-content'><div class='dt-sc-image-title'><h3><a href=\"https:\/\/kentcrfk.ca\/fr\/quatre-ans-cest-plaisant\/\" target=\"_self\" title=\"Quatre ans\">Quatre ans c'est plaisant!<\/a><\/h3><\/div><p>N&rsquo;oubliez pas d&rsquo;inscrire votre enfant \u00e0 l&rsquo;\u00e9cole!<\/p><\/div><div class='dt-sc-image-wrapper'><a target=\"_self\" href=\"https:\/\/kentcrfk.ca\/fr\/quatre-ans-cest-plaisant\/\"><img loading=\"lazy\" decoding=\"async\" width=\"1170\" height=\"902\" src=\"https:\/\/kentcrfk.ca\/wp-content\/uploads\/2023\/07\/4ans.jpg\" class=\"attachment-full\" alt=\"\" title=\"4ans\" srcset=\"https:\/\/kentcrfk.ca\/wp-content\/uploads\/2023\/07\/4ans.jpg 1170w, https:\/\/kentcrfk.ca\/wp-content\/uploads\/2023\/07\/4ans-300x231.jpg 300w, https:\/\/kentcrfk.ca\/wp-content\/uploads\/2023\/07\/4ans-1024x789.jpg 1024w\" sizes=\"auto, (max-width: 1170px) 100vw, 1170px\" \/><\/a><\/div><\/div><\/div>[\/vc_column_inner][vc_column_inner width=\u00a0\u00bb1\/4&Prime; el_id=\u00a0\u00bbnewborn\u00a0\u00bb]<div class=\"ult-animation  ult-animate-viewport  ult-no-mobile \" data-animate=\"bounce\" data-animation-delay=\"2.3\" data-animation-duration=\"1\" data-animation-iteration=\"1\" style=\"opacity:0;\" data-opacity_start_effect=\"\"><div class='dt-sc-image-caption type2  imagecaption-65511872717906418831728034806606437001'><div class='dt-sc-image-content'><div class='dt-sc-image-title'><h3><a href=\"https:\/\/kentcrfk.ca\/fr\/nouveau-ne-nouvelle-vie\/\" target=\"_self\" title=\"Nouveau-n\u00e9 nouvelle vie!\">Nouveau-n\u00e9, nouvelle vie!<\/a><\/h3><\/div><p>Le Programme de nouvelle vie des nouveau-n\u00e9s (pr\u00e9natal et postnatal) fait partie du CPNP.<\/p><\/div><div class='dt-sc-image-wrapper'><a target=\"_self\" href=\"https:\/\/kentcrfk.ca\/fr\/nouveau-ne-nouvelle-vie\/\"><img loading=\"lazy\" decoding=\"async\" width=\"1170\" height=\"902\" src=\"https:\/\/kentcrfk.ca\/wp-content\/uploads\/2023\/09\/newborn2.jpg\" class=\"attachment-full\" alt=\"\" title=\"newborn2\" srcset=\"https:\/\/kentcrfk.ca\/wp-content\/uploads\/2023\/09\/newborn2.jpg 1170w, https:\/\/kentcrfk.ca\/wp-content\/uploads\/2023\/09\/newborn2-300x231.jpg 300w, https:\/\/kentcrfk.ca\/wp-content\/uploads\/2023\/09\/newborn2-1024x789.jpg 1024w\" sizes=\"auto, (max-width: 1170px) 100vw, 1170px\" \/><\/a><\/div><\/div><\/div>[\/vc_column_inner][\/vc_row_inner][\/vc_column][\/vc_row]<\/p>\n<\/div>","protected":false},"excerpt":{"rendered":"<p>[vc_row full_width=\u00a0\u00bbstretch_row\u00a0\u00bb css=\u00a0\u00bb.vc_custom_1690571848757{background-image: url(https:\/\/kentcrfk.ca\/wp-content\/uploads\/2023\/07\/banniere_breadcrumb.jpg?id=12990) !important;background-position: center !important;background-repeat: no-repeat !important;background-size: cover !important;}\u00a0\u00bb][vc_column][vc_empty_space][vc_row_inner][vc_column_inner width=\u00a0\u00bb1\/2&Prime; css=\u00a0\u00bb.vc_custom_1690571978506{background-color: rgba(255,255,255,0.75) !important;*background-color: rgb(255,255,255) !important;}\u00a0\u00bb][vc_custom_heading text=\u00a0\u00bbProgrammes\u00a0\u00bb font_container=\u00a0\u00bbtag:h2|font_size:80px|text_align:left\u00a0\u00bb google_fonts=\u00a0\u00bbfont_family:Oleo%20Script%20Swash%20Caps%3Aregular%2C700|font_style:700%20bold%20regular%3A700%3Anormal\u00a0\u00bb][\/vc_column_inner][vc_column_inner width=\u00a0\u00bb1\/2&Prime;][vc_empty_space][\/vc_column_inner][\/vc_row_inner][vc_empty_space][\/vc_column][\/vc_row][vc_row][vc_column][vc_empty_space][\/vc_column][\/vc_row][vc_row full_width=\u00a0\u00bbstretch_row\u00a0\u00bb css_animation=\u00a0\u00bbfadeInUp\u00a0\u00bb css=\u00a0\u00bb.vc_custom_1690572093075{padding-top: 7% !important;padding-bottom: 12% !important;background-color: #d6eff3 !important;}\u00a0\u00bb [&hellip;]<\/p>\n","protected":false},"author":1,"featured_media":0,"parent":0,"menu_order":0,"comment_status":"closed","ping_status":"closed","template":"","meta":{"footnotes":""},"class_list":["post-14031","page","type-page","status-publish","hentry"],"aioseo_notices":[],"_links":{"self":[{"href":"https:\/\/kentcrfk.ca\/fr\/wp-json\/wp\/v2\/pages\/14031","targetHints":{"allow":["GET"]}}],"collection":[{"href":"https:\/\/kentcrfk.ca\/fr\/wp-json\/wp\/v2\/pages"}],"about":[{"href":"https:\/\/kentcrfk.ca\/fr\/wp-json\/wp\/v2\/types\/page"}],"author":[{"embeddable":true,"href":"https:\/\/kentcrfk.ca\/fr\/wp-json\/wp\/v2\/users\/1"}],"replies":[{"embeddable":true,"href":"https:\/\/kentcrfk.ca\/fr\/wp-json\/wp\/v2\/comments?post=14031"}],"version-history":[{"count":6,"href":"https:\/\/kentcrfk.ca\/fr\/wp-json\/wp\/v2\/pages\/14031\/revisions"}],"predecessor-version":[{"id":14355,"href":"https:\/\/kentcrfk.ca\/fr\/wp-json\/wp\/v2\/pages\/14031\/revisions\/14355"}],"wp:attachment":[{"href":"https:\/\/kentcrfk.ca\/fr\/wp-json\/wp\/v2\/media?parent=14031"}],"curies":[{"name":"wp","href":"https:\/\/api.w.org\/{rel}","templated":true}]}}