{"id":14034,"date":"2017-03-17T09:23:16","date_gmt":"2017-03-17T13:23:16","guid":{"rendered":"https:\/\/kentcrfkstaging.ca\/resources\/"},"modified":"2023-08-14T08:52:53","modified_gmt":"2023-08-14T12:52:53","slug":"ressources","status":"publish","type":"page","link":"https:\/\/kentcrfk.ca\/fr\/ressources\/","title":{"rendered":"Ressources"},"content":{"rendered":"<div class=\"wpb-content-wrapper\"><p>[vc_row full_width=\u00a0\u00bbstretch_row\u00a0\u00bb css=\u00a0\u00bb.vc_custom_1690917652385{background-image: url(https:\/\/kentcrfk.ca\/wp-content\/uploads\/2023\/07\/banniere_breadcrumb.jpg?id=12990) !important;}\u00a0\u00bb][vc_column][vc_empty_space][vc_row_inner][vc_column_inner width=\u00a0\u00bb2\/3&Prime; css=\u00a0\u00bb.vc_custom_1690917681330{margin: 30px !important;padding: 20px !important;background-color: rgba(255,255,255,0.85) !important;*background-color: rgb(255,255,255) !important;}\u00a0\u00bb][vc_custom_heading text=\u00a0\u00bbRessources\u00a0\u00bb font_container=\u00a0\u00bbtag:h2|font_size:80px|text_align:left|color:%23000000&Prime; google_fonts=\u00a0\u00bbfont_family:Oleo%20Script%20Swash%20Caps%3Aregular%2C700|font_style:700%20bold%20regular%3A700%3Anormal\u00a0\u00bb][\/vc_column_inner][vc_column_inner width=\u00a0\u00bb1\/3&Prime;][vc_empty_space][\/vc_column_inner][\/vc_row_inner][vc_empty_space][\/vc_column][\/vc_row][vc_row][vc_column][vc_empty_space][\/vc_column][\/vc_row][vc_row full_width=\u00a0\u00bbstretch_row\u00a0\u00bb gap=\u00a0\u00bb20&Prime; parallax=\u00a0\u00bbcontent-moving\u00a0\u00bb bg_type=\u00a0\u00bbimage\u00a0\u00bb parallax_style=\u00a0\u00bbvcpb-default\u00a0\u00bb bg_image_new=\u00a0\u00bbid^12829|url^https:\/\/kentcrfk.ca\/wp-content\/uploads\/2023\/07\/craft2.jpg|caption^null|alt^null|title^craft2|description^null\u00a0\u00bb bg_img_attach=\u00a0\u00bbfixed\u00a0\u00bb enable_overlay=\u00a0\u00bbenable_overlay_value\u00a0\u00bb overlay_color=\u00a0\u00bb#ef5dea\u00a0\u00bb][vc_column width=\u00a0\u00bb1\/2&Prime; css=\u00a0\u00bb.vc_custom_1690918018915{margin: 30px !important;padding: 20px !important;background-color: rgba(255,255,255,0.9) !important;*background-color: rgb(255,255,255) !important;}\u00a0\u00bb][vc_custom_heading text=\u00a0\u00bbL\u2019Agence de la Sant\u00e9 publique du Canada\u00a0\u00bb font_container=\u00a0\u00bbtag:h2|text_align:left|color:%23dd3333&Prime; link=\u00a0\u00bburl:http%3A%2F%2Fwww.publichealth.gc.ca%2F|target:_blank\u00a0\u00bb][vc_column_text]Le r\u00f4le de l\u2019Agence de la Sant\u00e9 publique du Canada :<\/p>\n<ul>\n<li>promouvoir la sant\u00e9;<\/li>\n<li>pr\u00e9venir et contr\u00f4ler les maladies chroniques et les blessures;<\/li>\n<li>pr\u00e9venir et contr\u00f4ler les maladies infectieuses;<\/li>\n<li>se pr\u00e9parer et intervenir en cas d\u2019urgence en sant\u00e9 publique;<\/li>\n<li>\u00eatre une plaque tournante favorisant la diffusion du savoir-faire canadien dans le reste du monde;<\/li>\n<li>appliquer aux programmes de sant\u00e9 publique du Canada les r\u00e9sultats des travaux internationaux de recherche et de d\u00e9veloppement;<\/li>\n<li>renforcer la collaboration intergouvernementale dans le domaine de la sant\u00e9 publique et faciliter l\u2019adoption d\u2019approches nationales en mati\u00e8re d\u2019\u00e9laboration de plans et de politiques en sant\u00e9 publique.<\/li>\n<\/ul>\n<p>[\/vc_column_text][vc_btn title=\u00a0\u00bbVisiter le site\u00a0\u00bb color=\u00a0\u00bbdanger\u00a0\u00bb align=\u00a0\u00bbcenter\u00a0\u00bb i_align=\u00a0\u00bbright\u00a0\u00bb i_icon_fontawesome=\u00a0\u00bbfas fa-angle-double-right\u00a0\u00bb add_icon=\u00a0\u00bbtrue\u00a0\u00bb link=\u00a0\u00bburl:http%3A%2F%2Fwww.publichealth.gc.ca%2F|target:_blank\u00a0\u00bb][\/vc_column][vc_column width=\u00a0\u00bb1\/2&Prime; css=\u00a0\u00bb.vc_custom_1690918043222{margin: 30px !important;padding: 20px !important;background-color: rgba(255,255,255,0.9) !important;*background-color: rgb(255,255,255) !important;}\u00a0\u00bb][vc_custom_heading text=\u00a0\u00bbChild Safety Link\u00a0\u00bb font_container=\u00a0\u00bbtag:h2|text_align:left|color:%238224e3&Prime; link=\u00a0\u00bburl:http%3A%2F%2Fwww.childsafetylink.ca%2F|target:_blank\u00a0\u00bb][vc_column_text]Il s\u2019agit d\u2019un programme de pr\u00e9vention des blessures chez les enfants offert \u00e0 l\u2019\u00e9chelle des provinces Maritimes et bas\u00e9 au IWK Health Centre \u00e0 Halifax, en Nouvelle-\u00c9cosse. CSL travaille avec les gens dans votre communaut\u00e9 pour vous aider \u00e0 assurer la s\u00e9curit\u00e9 de votre nouveau-n\u00e9, de votre trottineur ou de votre enfant \u00e0 la maison, sur la route et au terrain de jeux, que ce soit en Nouvelle-\u00c9cosse, au Nouveau-Brunswick ou \u00e0 l\u2019\u00cele-du-Prince-\u00c9douard.<\/p>\n<p>Le site Web offre \u00e9galement des conseils sur diff\u00e9rents sujets touchant la s\u00e9curit\u00e9 pour tous les \u00e2ges et les stades de d\u00e9veloppement de votre enfant. Les sujets incluent l\u2019installation des si\u00e8ges d\u2019auto, l\u2019utilisation d\u2019un casque protecteur, les produits de s\u00e9curit\u00e9 \u00e0 la maison, la s\u00e9curit\u00e9 avec les jouets et au terrain de jeux, et la fa\u00e7on de prot\u00e9ger les enfants contre les empoisonnements, la noyade et les chutes \u00e0 la maison.[\/vc_column_text][vc_btn title=\u00a0\u00bbVisiter le site\u00a0\u00bb color=\u00a0\u00bbviolet\u00a0\u00bb align=\u00a0\u00bbcenter\u00a0\u00bb i_align=\u00a0\u00bbright\u00a0\u00bb i_icon_fontawesome=\u00a0\u00bbfas fa-angle-double-right\u00a0\u00bb add_icon=\u00a0\u00bbtrue\u00a0\u00bb link=\u00a0\u00bburl:http%3A%2F%2Fwww.childsafetylink.ca%2F|target:_blank\u00a0\u00bb][\/vc_column][\/vc_row]<\/p>\n<\/div>","protected":false},"excerpt":{"rendered":"<p>[vc_row full_width=\u00a0\u00bbstretch_row\u00a0\u00bb css=\u00a0\u00bb.vc_custom_1690917652385{background-image: url(https:\/\/kentcrfk.ca\/wp-content\/uploads\/2023\/07\/banniere_breadcrumb.jpg?id=12990) !important;}\u00a0\u00bb][vc_column][vc_empty_space][vc_row_inner][vc_column_inner width=\u00a0\u00bb2\/3&Prime; css=\u00a0\u00bb.vc_custom_1690917681330{margin: 30px !important;padding: 20px !important;background-color: rgba(255,255,255,0.85) !important;*background-color: rgb(255,255,255) !important;}\u00a0\u00bb][vc_custom_heading text=\u00a0\u00bbRessources\u00a0\u00bb font_container=\u00a0\u00bbtag:h2|font_size:80px|text_align:left|color:%23000000&Prime; google_fonts=\u00a0\u00bbfont_family:Oleo%20Script%20Swash%20Caps%3Aregular%2C700|font_style:700%20bold%20regular%3A700%3Anormal\u00a0\u00bb][\/vc_column_inner][vc_column_inner width=\u00a0\u00bb1\/3&Prime;][vc_empty_space][\/vc_column_inner][\/vc_row_inner][vc_empty_space][\/vc_column][\/vc_row][vc_row][vc_column][vc_empty_space][\/vc_column][\/vc_row][vc_row full_width=\u00a0\u00bbstretch_row\u00a0\u00bb gap=\u00a0\u00bb20&Prime; parallax=\u00a0\u00bbcontent-moving\u00a0\u00bb bg_type=\u00a0\u00bbimage\u00a0\u00bb parallax_style=\u00a0\u00bbvcpb-default\u00a0\u00bb bg_image_new=\u00a0\u00bbid^12829|url^https:\/\/kentcrfk.ca\/wp-content\/uploads\/2023\/07\/craft2.jpg|caption^null|alt^null|title^craft2|description^null\u00a0\u00bb bg_img_attach=\u00a0\u00bbfixed\u00a0\u00bb enable_overlay=\u00a0\u00bbenable_overlay_value\u00a0\u00bb overlay_color=\u00a0\u00bb#ef5dea\u00a0\u00bb][vc_column width=\u00a0\u00bb1\/2&Prime; css=\u00a0\u00bb.vc_custom_1690918018915{margin: [&hellip;]<\/p>\n","protected":false},"author":1,"featured_media":0,"parent":0,"menu_order":0,"comment_status":"closed","ping_status":"closed","template":"","meta":{"footnotes":""},"class_list":["post-14034","page","type-page","status-publish","hentry"],"aioseo_notices":[],"_links":{"self":[{"href":"https:\/\/kentcrfk.ca\/fr\/wp-json\/wp\/v2\/pages\/14034","targetHints":{"allow":["GET"]}}],"collection":[{"href":"https:\/\/kentcrfk.ca\/fr\/wp-json\/wp\/v2\/pages"}],"about":[{"href":"https:\/\/kentcrfk.ca\/fr\/wp-json\/wp\/v2\/types\/page"}],"author":[{"embeddable":true,"href":"https:\/\/kentcrfk.ca\/fr\/wp-json\/wp\/v2\/users\/1"}],"replies":[{"embeddable":true,"href":"https:\/\/kentcrfk.ca\/fr\/wp-json\/wp\/v2\/comments?post=14034"}],"version-history":[{"count":2,"href":"https:\/\/kentcrfk.ca\/fr\/wp-json\/wp\/v2\/pages\/14034\/revisions"}],"predecessor-version":[{"id":14036,"href":"https:\/\/kentcrfk.ca\/fr\/wp-json\/wp\/v2\/pages\/14034\/revisions\/14036"}],"wp:attachment":[{"href":"https:\/\/kentcrfk.ca\/fr\/wp-json\/wp\/v2\/media?parent=14034"}],"curies":[{"name":"wp","href":"https:\/\/api.w.org\/{rel}","templated":true}]}}